{"id":1678,"date":"2018-11-15T11:59:12","date_gmt":"2018-11-15T11:59:12","guid":{"rendered":"https:\/\/fs-sandbox.interweavers.ch\/?page_id=1678"},"modified":"2025-12-14T12:40:51","modified_gmt":"2025-12-14T12:40:51","slug":"kapitel-und-anszuge","status":"publish","type":"page","link":"https:\/\/fs-sandbox.interweavers.ch\/de\/kapitel-und-anszuge\/","title":{"rendered":"Kapitel und Ausz\u00fcge"},"content":{"rendered":"<p>[et_pb_section fb_built=&#8220;1&#8243; fullwidth=&#8220;on&#8220; admin_label=&#8220;FS Schuon Complete Inner Header&#8220; _builder_version=&#8220;4.27.5&#8243; _module_preset=&#8220;default&#8220; background_color=&#8220;#000000&#8243; min_height=&#8220;250px&#8220; border_width_bottom=&#8220;11px&#8220; border_color_bottom=&#8220;#cc6602&#8243; global_module=&#8220;14136&#8243; saved_tabs=&#8220;all&#8220; global_colors_info=&#8220;{}&#8220;][et_pb_fullwidth_image src=&#8220;https:\/\/fs-sandbox.interweavers.ch\/wp-content\/uploads\/2022\/03\/header_FSA_Inner-Page-dark.jpg&#8220; title_text=&#8220;header_FSA_Inner-Page-dark&#8220; _builder_version=&#8220;4.16&#8243; _module_preset=&#8220;default&#8220; global_colors_info=&#8220;{}&#8220;][\/et_pb_fullwidth_image][\/et_pb_section][et_pb_section fb_built=&#8220;1&#8243; admin_label=&#8220;section&#8220; _builder_version=&#8220;4.16&#8243; background_image=&#8220;https:\/\/fs-sandbox.interweavers.ch\/wp-content\/uploads\/2018\/09\/FSA_background.gif&#8220; background_size=&#8220;initial&#8220; background_repeat=&#8220;repeat&#8220; global_colors_info=&#8220;{}&#8220;][et_pb_row column_structure=&#8220;1_2,1_2&#8243; _builder_version=&#8220;4.27.4&#8243; _module_preset=&#8220;default&#8220; background_color=&#8220;#c4a651&#8243; background_image=&#8220;https:\/\/fs-sandbox.interweavers.ch\/wp-content\/uploads\/2022\/03\/gold-background-200.jpg&#8220; height=&#8220;127px&#8220; custom_margin=&#8220;-180px||0px||false|false&#8220; custom_padding=&#8220;10px||0px||false|false&#8220; global_module=&#8220;14147&#8243; saved_tabs=&#8220;all&#8220; global_colors_info=&#8220;{}&#8220;][et_pb_column type=&#8220;1_2&#8243; _builder_version=&#8220;4.27.4&#8243; _module_preset=&#8220;default&#8220; custom_padding=&#8220;0px||0px||false|false&#8220; global_colors_info=&#8220;{}&#8220;][dsm_breadcrumbs show_home_icon=&#8220;off&#8220; separator_icon=&#8220;&#x39;||divi||400&#8243; separator_padding=&#8220;0px|0px|0px||false|false&#8220; current_padding=&#8220;0px|0px|0px||false|false&#8220; admin_label=&#8220;Breadcrumbs&#8220; _builder_version=&#8220;4.27.4&#8243; _module_preset=&#8220;default&#8220; items_font=&#8220;&#8211;et_global_body_font|700||on|||||&#8220; items_font_size=&#8220;12px&#8220; separators_text_color=&#8220;#000000&#8243; separators_font_size=&#8220;12px&#8220; current_font=&#8220;|600||on|||||&#8220; current_text_color=&#8220;#000000&#8243; current_font_size=&#8220;12px&#8220; custom_margin=&#8220;0px||0px|20px|false|false&#8220; custom_padding=&#8220;0px||0px||false|false&#8220; global_colors_info=&#8220;{}&#8220;][\/dsm_breadcrumbs][\/et_pb_column][et_pb_column type=&#8220;1_2&#8243; _builder_version=&#8220;4.16&#8243; _module_preset=&#8220;default&#8220; global_colors_info=&#8220;{}&#8220;][et_pb_text _builder_version=&#8220;4.27.5&#8243; _module_preset=&#8220;default&#8220; header_font=&#8220;|600|||||||&#8220; header_text_color=&#8220;#FFFFFF&#8220; header_font_size=&#8220;43px&#8220; custom_margin=&#8220;-48px||||false|false&#8220; custom_margin_tablet=&#8220;-112px||||false|false&#8220; custom_margin_phone=&#8220;-105px||||false|false&#8220; custom_margin_last_edited=&#8220;on|tablet&#8220; header_text_align_tablet=&#8220;&#8220; header_text_align_phone=&#8220;&#8220; header_text_align_last_edited=&#8220;on|phone&#8220; header_font_size_tablet=&#8220;34px&#8220; header_font_size_phone=&#8220;26px&#8220; header_font_size_last_edited=&#8220;on|tablet&#8220; global_colors_info=&#8220;{}&#8220;]<\/p>\n<h1 style=\"text-align: right;\">Frithjof Schuon Archiv<\/h1>\n<p>[\/et_pb_text][et_pb_image src=&#8220;https:\/\/fs-sandbox.interweavers.ch\/wp-content\/uploads\/2018\/10\/Frithjof_Schuon_signature2.png&#8220; title_text=&#8220;Frithjof_Schuon_signature2&#8243; show_bottom_space=&#8220;off&#8220; align=&#8220;right&#8220; disabled_on=&#8220;on|off|off&#8220; _builder_version=&#8220;4.16&#8243; _module_preset=&#8220;default&#8220; custom_margin=&#8220;40px|10px|||false|false&#8220; global_colors_info=&#8220;{}&#8220;][\/et_pb_image][\/et_pb_column][\/et_pb_row][et_pb_row custom_padding_last_edited=&#8220;on|phone&#8220; admin_label=&#8220;row&#8220; _builder_version=&#8220;4.27.5&#8243; background_color=&#8220;#ffffff&#8220; background_size=&#8220;initial&#8220; background_position=&#8220;top_left&#8220; background_repeat=&#8220;repeat&#8220; custom_padding=&#8220;50px|70px|50px|70px|false|true&#8220; custom_padding_tablet=&#8220;|30px||30px|false|true&#8220; custom_padding_phone=&#8220;|5px||5px|false|true&#8220; global_colors_info=&#8220;{}&#8220;][et_pb_column type=&#8220;4_4&#8243; _builder_version=&#8220;4.16&#8243; custom_padding=&#8220;|||&#8220; global_colors_info=&#8220;{}&#8220; custom_padding__hover=&#8220;|||&#8220;][et_pb_text _builder_version=&#8220;4.27.5&#8243; _module_preset=&#8220;default&#8220; global_colors_info=&#8220;{}&#8220;]<\/p>\n<h4>Kapitel und Ausz\u00fcge<\/h4>\n<p>[\/et_pb_text][et_pb_code _builder_version=&#8220;4.27.5&#8243; _module_preset=&#8220;default&#8220; hover_enabled=&#8220;0&#8243; global_colors_info=&#8220;{}&#8220; sticky_enabled=&#8220;0&#8243;]<table id=\"ptp_bca9804ed81650b9_1\" class=\"posts-data-table\" width=\"100%\" data-config=\"{&quot;pageLength&quot;:25,&quot;pagingType&quot;:&quot;simple_numbers&quot;,&quot;serverSide&quot;:false,&quot;autoWidth&quot;:true,&quot;clickFilter&quot;:&quot;&quot;,&quot;stickyHeader&quot;:false,&quot;scrollOffset&quot;:15,&quot;resetButton&quot;:false,&quot;numOrder&quot;:false,&quot;lengthMenu&quot;:[[10,25,50,100,-1],[10,25,50,100,&quot;Alle&quot;]],&quot;columnDefs&quot;:[{&quot;className&quot;:&quot;col-title&quot;,&quot;targets&quot;:0,&quot;type&quot;:&quot;html&quot;},{&quot;className&quot;:&quot;col-excerpt&quot;,&quot;targets&quot;:1,&quot;type&quot;:&quot;html&quot;},{&quot;className&quot;:&quot;col-source&quot;,&quot;targets&quot;:2,&quot;type&quot;:&quot;html&quot;},{&quot;className&quot;:&quot;col-lang&quot;,&quot;targets&quot;:3,&quot;type&quot;:&quot;html&quot;},{&quot;className&quot;:&quot;col-download&quot;,&quot;targets&quot;:4,&quot;type&quot;:&quot;html&quot;}],&quot;responsive&quot;:{&quot;details&quot;:{&quot;display&quot;:&quot;child_row&quot;}},&quot;language&quot;:{&quot;info&quot;:&quot;_TOTAL_ chapters&quot;,&quot;infoEmpty&quot;:&quot;0 chapters&quot;,&quot;emptyTable&quot;:&quot;Keine passenden chapters.&quot;,&quot;zeroRecords&quot;:&quot;Keine passenden chapters.&quot;,&quot;totalsSingle&quot;:&quot;chapter&quot;,&quot;totalsPlural&quot;:&quot;chapters&quot;},&quot;dom&quot;:&quot;&lt;\\&quot;posts-table-wrapper divi\\&quot;&lt;\\&quot;posts-table-above posts-table-controls\\&quot;f&gt;t&lt;\\&quot;posts-table-below posts-table-controls\\&quot;ip&gt;&gt;&quot;}\" data-filters=\"false\" data-order=\"[]\"><thead><tr><th class=\"all\" data-name=\"title\" data-orderable=\"true\" data-searchable=\"true\" data-priority=\"1\">Titel<\/th><th data-name=\"excerpt\" data-orderable=\"true\" data-searchable=\"true\" data-priority=\"4\">Zusammenfassung<\/th><th data-name=\"cf_source\" data-orderable=\"true\" data-searchable=\"true\">Source<\/th><th data-name=\"cf_lang\" data-orderable=\"true\" data-searchable=\"true\">Lang<\/th><th data-name=\"cf_download\" data-orderable=\"true\" data-searchable=\"true\">Download<\/th><\/tr><\/thead><tbody><tr id=\"post-row-14219\" class=\"post-row post-type-chapter chapter-14219 publish\"><td><a href=\"https:\/\/fs-sandbox.interweavers.ch\/de\/chapter\/to-have-a-center\/\">To Have a Center<\/a><\/td><td><p>Normal zu sein bedeutet, homogen zu sein, und homogen zu sein bedeutet, ein Zentrum zu haben. Ein normaler Mensch ist jemand, dessen Neigungen, wenn auch nicht v\u00f6llig einheitlich, so doch zumindest \u00fcbereinstimmend sind \u2013 das hei\u00dft, ausreichend \u00fcbereinstimmend, um jenes entscheidende Zentrum zu vermitteln, das wir als Sinn f\u00fcr das Absolute oder als Liebe zu Gott bezeichnen k\u00f6nnen. <\/p>\n<\/td><td><p><a href=\"https:\/\/fs-sandbox.interweavers.ch\/book\/to-have-a-center-a-new-translation-with-selected-letters-2\/\">To Have a Center: A New Translation with Selected Letters<\/a><\/p>\n<\/td><td>English<\/td><td><p><a href=\"https:\/\/fs-sandbox.interweavers.ch\/wp-content\/uploads\/2018\/09\/To_Have_a_Center.pdf\" target=\"_blank\" rel=\"noopener\">PDF Datei<\/a><\/p>\n<\/td><\/tr><tr id=\"post-row-14216\" class=\"post-row post-type-chapter chapter-14216 publish\"><td><a href=\"https:\/\/fs-sandbox.interweavers.ch\/de\/chapter\/form-und-gehalt-in-den-religionen\/\">Form und Gehalt in den Religionen<\/a><\/td><td><p>Dies ist das zweite Kapitel aus Frithjof Schuons Buch \u201eForm und Gehalt in den Religionen\u201c. In diesem Kapitel werden das Christentum und der Islam miteinander verglichen.<\/p>\n<\/td><td><p>Form und Gehalt in den Religionen<\/p>\n<\/td><td><\/td><td><\/td><\/tr><tr id=\"post-row-3306\" class=\"post-row post-type-chapter chapter-3306 publish\"><td><a href=\"https:\/\/fs-sandbox.interweavers.ch\/de\/chapter\/das-spiel-der-hypostasen\/\">Das Spiel der Hypostasen<\/a><\/td><td><p>Dies ist das vierte Kapitel aus Frithjof Schuons Buch \u201eVom G\u00f6ttlichen zum Menschlichen\u201c. Dieses metaphysische Kapitel besch\u00e4ftigt sich mit Dreifaltigkeiten in verschiedenen \u00dcberlieferungen. Die Einheitsauffassung und die Dreifaltigkeitsauffassung treffen sich und l\u00f6sen sich auf in ihrem Urbild, das nichts anderes ist als das gleichzeitig unwandelbare und ausstrahlende Unbedingte.<\/p>\n<\/td><td><\/td><td><\/td><td><\/td><\/tr><\/tbody><\/table>[\/et_pb_code][\/et_pb_column][\/et_pb_row][\/et_pb_section]<\/p>\n","protected":false},"excerpt":{"rendered":"<p><div class=\"et_pb_module dsm_breadcrumbs dsm_breadcrumbs_0\">\n\t\t\t\t\n\t\t\t\t\n\t\t\t\t\n\t\t\t\t\n\t\t\t\t\n\t\t\t\t\n\t\t\t\t<div class=\"et_pb_module_inner\">\n\t\t\t\t\t<nav class=\"dsm_breadcrumbs_wrap\">\n\t\t\t\t<ul class=\"dsm_breadcrumbs\" itemscope itemtype=\"https:\/\/schema.org\/BreadcrumbList\">\t\t\t<li class=\"dsm_breadcrumbs_item dsm_home_item dsm_home_item_custom\" itemprop=\"itemListElement\" itemscope\n\t\t\titemtype=\"https:\/\/schema.org\/ListItem\">\n\t\t\t\t<a href=\"https:\/\/fs-sandbox.interweavers.ch\/de\/\" itemprop=\"item\" target=\"\">\n\t\t\t\t\t<span class='dsm_home_text_wrapper'>\n\t\t\t\t\t\t\t\t\t\t\t\t\t<span class=\"dsm_home_text\" itemprop=\"name\">\n\t\t\t\t\t\t\t\tHome\t\t\t\t\t\t\t<\/span>\n\t\t\t\t\t<\/span>\n\t\t\t\t<\/a>\n\t\t\t\t<meta itemprop=\"position\" content=\"1\" \/>\n\t\t\t<\/li>\n\n\t\t<li class=\"dsm_breadcrumbs_separator\"> <span class=\"et-pb-icon dsm_separator_icon\">&#x39;<\/span><\/li>\nWarning: Attempt to read property \"term_id\" on null in \/home\/httpd\/vhosts\/interweavers.ch\/fs-sandbox.interweavers.ch\/wp-content\/plugins\/supreme-modules-pro-for-divi\/includes\/modules\/Breadcrumbs\/Breadcrumbs.php on line 704\n<\/ul>\n\t\t\t<\/nav>\n\t\t\t\t<\/div>\n\t\t\t<\/div>Frithjof Schuon ArchivKapitel und Ausz\u00fcge<table id=\"ptp_bca9804ed81650b9_2\" class=\"posts-data-table\" width=\"100%\" data-config=\"{&quot;pageLength&quot;:25,&quot;pagingType&quot;:&quot;simple_numbers&quot;,&quot;serverSide&quot;:false,&quot;autoWidth&quot;:true,&quot;clickFilter&quot;:&quot;&quot;,&quot;stickyHeader&quot;:false,&quot;scrollOffset&quot;:15,&quot;resetButton&quot;:false,&quot;numOrder&quot;:false,&quot;lengthMenu&quot;:[[10,25,50,100,-1],[10,25,50,100,&quot;Alle&quot;]],&quot;columnDefs&quot;:[{&quot;className&quot;:&quot;col-title&quot;,&quot;targets&quot;:0,&quot;type&quot;:&quot;html&quot;},{&quot;className&quot;:&quot;col-excerpt&quot;,&quot;targets&quot;:1,&quot;type&quot;:&quot;html&quot;},{&quot;className&quot;:&quot;col-source&quot;,&quot;targets&quot;:2,&quot;type&quot;:&quot;html&quot;},{&quot;className&quot;:&quot;col-lang&quot;,&quot;targets&quot;:3,&quot;type&quot;:&quot;html&quot;},{&quot;className&quot;:&quot;col-download&quot;,&quot;targets&quot;:4,&quot;type&quot;:&quot;html&quot;}],&quot;responsive&quot;:{&quot;details&quot;:{&quot;display&quot;:&quot;child_row&quot;}},&quot;language&quot;:{&quot;info&quot;:&quot;_TOTAL_ chapters&quot;,&quot;infoEmpty&quot;:&quot;0 chapters&quot;,&quot;emptyTable&quot;:&quot;Keine passenden chapters.&quot;,&quot;zeroRecords&quot;:&quot;Keine passenden chapters.&quot;,&quot;totalsSingle&quot;:&quot;chapter&quot;,&quot;totalsPlural&quot;:&quot;chapters&quot;},&quot;dom&quot;:&quot;&lt;\\&quot;posts-table-wrapper divi\\&quot;&lt;\\&quot;posts-table-above posts-table-controls\\&quot;f&gt;t&lt;\\&quot;posts-table-below posts-table-controls\\&quot;ip&gt;&gt;&quot;}\" data-filters=\"false\" data-order=\"[]\"><thead><tr><th class=\"all\" data-name=\"title\" data-orderable=\"true\" data-searchable=\"true\" data-priority=\"1\">Titel<\/th><th data-name=\"excerpt\" data-orderable=\"true\" data-searchable=\"true\" data-priority=\"4\">Zusammenfassung<\/th><th data-name=\"cf_source\" data-orderable=\"true\" data-searchable=\"true\">Source<\/th><th data-name=\"cf_lang\" data-orderable=\"true\" data-searchable=\"true\">Lang<\/th><th data-name=\"cf_download\" data-orderable=\"true\" data-searchable=\"true\">Download<\/th><\/tr><\/thead><tbody><tr id=\"post-row-14219\" class=\"post-row post-type-chapter chapter-14219 publish\"><td><a href=\"https:\/\/fs-sandbox.interweavers.ch\/de\/chapter\/to-have-a-center\/\">To Have a Center<\/a><\/td><td><p>Normal zu sein bedeutet, homogen zu sein, und homogen zu sein bedeutet, ein Zentrum zu haben. Ein normaler Mensch ist jemand, dessen Neigungen, wenn auch nicht v\u00f6llig einheitlich, so doch zumindest \u00fcbereinstimmend sind \u2013 das hei\u00dft, ausreichend \u00fcbereinstimmend, um jenes entscheidende Zentrum zu vermitteln, das wir als Sinn f\u00fcr das Absolute oder als Liebe zu Gott bezeichnen k\u00f6nnen. <\/p>\n<\/td><td><p><a href=\"https:\/\/fs-sandbox.interweavers.ch\/book\/to-have-a-center-a-new-translation-with-selected-letters-2\/\">To Have a Center: A New Translation with Selected Letters<\/a><\/p>\n<\/td><td>English<\/td><td><p><a href=\"https:\/\/fs-sandbox.interweavers.ch\/wp-content\/uploads\/2018\/09\/To_Have_a_Center.pdf\" target=\"_blank\" rel=\"noopener\">PDF Datei<\/a><\/p>\n<\/td><\/tr><tr id=\"post-row-14216\" class=\"post-row post-type-chapter chapter-14216 publish\"><td><a href=\"https:\/\/fs-sandbox.interweavers.ch\/de\/chapter\/form-und-gehalt-in-den-religionen\/\">Form und Gehalt in den Religionen<\/a><\/td><td><p>Dies ist das zweite Kapitel aus Frithjof Schuons Buch \u201eForm und Gehalt in den Religionen\u201c. In diesem Kapitel werden das Christentum und der Islam miteinander verglichen.<\/p>\n<\/td><td><p>Form und Gehalt in den Religionen<\/p>\n<\/td><td><\/td><td><\/td><\/tr><tr id=\"post-row-3306\" class=\"post-row post-type-chapter chapter-3306 publish\"><td><a href=\"https:\/\/fs-sandbox.interweavers.ch\/de\/chapter\/das-spiel-der-hypostasen\/\">Das Spiel der Hypostasen<\/a><\/td><td><p>Dies ist das vierte Kapitel aus Frithjof Schuons Buch \u201eVom G\u00f6ttlichen zum Menschlichen\u201c. Dieses metaphysische Kapitel besch\u00e4ftigt sich mit Dreifaltigkeiten in verschiedenen \u00dcberlieferungen. Die Einheitsauffassung und die Dreifaltigkeitsauffassung treffen sich und l\u00f6sen sich auf in ihrem Urbild, das nichts anderes ist als das gleichzeitig unwandelbare und ausstrahlende Unbedingte.<\/p>\n<\/td><td><\/td><td><\/td><td><\/td><\/tr><\/tbody><\/table><\/p>\n","protected":false},"author":2,"featured_media":0,"parent":0,"menu_order":0,"comment_status":"closed","ping_status":"closed","template":"","meta":{"_et_pb_use_builder":"on","_et_pb_old_content":"","_et_gb_content_width":"","footnotes":""},"class_list":["post-1678","page","type-page","status-publish","hentry"],"_links":{"self":[{"href":"https:\/\/fs-sandbox.interweavers.ch\/de\/wp-json\/wp\/v2\/pages\/1678","targetHints":{"allow":["GET"]}}],"collection":[{"href":"https:\/\/fs-sandbox.interweavers.ch\/de\/wp-json\/wp\/v2\/pages"}],"about":[{"href":"https:\/\/fs-sandbox.interweavers.ch\/de\/wp-json\/wp\/v2\/types\/page"}],"author":[{"embeddable":true,"href":"https:\/\/fs-sandbox.interweavers.ch\/de\/wp-json\/wp\/v2\/users\/2"}],"replies":[{"embeddable":true,"href":"https:\/\/fs-sandbox.interweavers.ch\/de\/wp-json\/wp\/v2\/comments?post=1678"}],"version-history":[{"count":9,"href":"https:\/\/fs-sandbox.interweavers.ch\/de\/wp-json\/wp\/v2\/pages\/1678\/revisions"}],"predecessor-version":[{"id":14245,"href":"https:\/\/fs-sandbox.interweavers.ch\/de\/wp-json\/wp\/v2\/pages\/1678\/revisions\/14245"}],"wp:attachment":[{"href":"https:\/\/fs-sandbox.interweavers.ch\/de\/wp-json\/wp\/v2\/media?parent=1678"}],"curies":[{"name":"wp","href":"https:\/\/api.w.org\/{rel}","templated":true}]}}