{"id":310,"date":"2018-12-06T13:25:54","date_gmt":"2018-12-06T13:25:54","guid":{"rendered":"https:\/\/fs-sandbox.interweavers.ch\/?page_id=310"},"modified":"2022-03-19T11:42:17","modified_gmt":"2022-03-19T11:42:17","slug":"ueber-die-website","status":"publish","type":"page","link":"https:\/\/fs-sandbox.interweavers.ch\/de\/ueber-die-website\/","title":{"rendered":"\u00fcber die Website"},"content":{"rendered":"<p>[et_pb_section fb_built=&#8220;1&#8243; fullwidth=&#8220;on&#8220; _builder_version=&#8220;4.14.8&#8243; _module_preset=&#8220;default&#8220; border_width_bottom=&#8220;11px&#8220; border_color_bottom=&#8220;#cc6602&#8243; global_module=&#8220;13450&#8243; global_colors_info=&#8220;{}&#8220;][et_pb_fullwidth_image src=&#8220;https:\/\/fs-sandbox.interweavers.ch\/wp-content\/uploads\/2022\/03\/header_FSA_Inner-Page-dark.jpg&#8220; title_text=&#8220;iPad-Phone-Header-dark&#8220; src_tablet=&#8220;https:\/\/fs-sandbox.interweavers.ch\/wp-content\/uploads\/2022\/03\/iPad-Phone-Header-dark.jpg&#8220; src_phone=&#8220;https:\/\/fs-sandbox.interweavers.ch\/wp-content\/uploads\/2022\/03\/iPad-Phone-Header-dark.jpg&#8220; src_last_edited=&#8220;on|tablet&#8220; _builder_version=&#8220;4.14.9&#8243; _module_preset=&#8220;default&#8220; global_colors_info=&#8220;{}&#8220;][\/et_pb_fullwidth_image][\/et_pb_section][et_pb_section fb_built=&#8220;1&#8243; admin_label=&#8220;section&#8220; _builder_version=&#8220;4.14.8&#8243; background_image=&#8220;https:\/\/fs-sandbox.interweavers.ch\/wp-content\/uploads\/2018\/09\/FSA_background.gif&#8220; background_size=&#8220;initial&#8220; background_repeat=&#8220;repeat&#8220; global_colors_info=&#8220;{}&#8220;][et_pb_row column_structure=&#8220;1_2,1_2&#8243; module_class=&#8220;breadcum_background&#8220; _builder_version=&#8220;4.14.9&#8243; _module_preset=&#8220;default&#8220; background_color=&#8220;#c4a651&#8243; background_image=&#8220;https:\/\/fs-sandbox.interweavers.ch\/wp-content\/uploads\/2022\/03\/gold-background-200.jpg&#8220; height=&#8220;127px&#8220; height_tablet=&#8220;100px&#8220; height_phone=&#8220;50px&#8220; height_last_edited=&#8220;on|phone&#8220; custom_margin=&#8220;-180px||0px||false|false&#8220; custom_margin_tablet=&#8220;-150px||0px||false|false&#8220; custom_margin_phone=&#8220;-111px||0px||false|false&#8220; custom_margin_last_edited=&#8220;on|phone&#8220; custom_padding=&#8220;10px||0px||false|false&#8220; global_module=&#8220;13412&#8243; saved_tabs=&#8220;all&#8220; global_colors_info=&#8220;{}&#8220;][et_pb_column type=&#8220;1_2&#8243; _builder_version=&#8220;4.14.8&#8243; _module_preset=&#8220;default&#8220; custom_padding=&#8220;||0px||false|false&#8220; global_colors_info=&#8220;{}&#8220;][lwp_divi_breadcrumbs font_icon=&#8220;&#x39;||divi||400&#8243; separator_color=&#8220;#000000&#8243; current_text_color=&#8220;#000000&#8243; _builder_version=&#8220;4.14.9&#8243; _module_preset=&#8220;default&#8220; module_font=&#8220;|600||on|||||&#8220; module_font_size=&#8220;12px&#8220; custom_margin=&#8220;0px|||20px|false|false&#8220; custom_margin_tablet=&#8220;0px|||15px|false|false&#8220; custom_margin_phone=&#8220;&#8220; custom_margin_last_edited=&#8220;on|tablet&#8220; custom_padding=&#8220;7px||7px||true|false&#8220; custom_padding_tablet=&#8220;0px||0px||true|false&#8220; custom_padding_phone=&#8220;&#8220; custom_padding_last_edited=&#8220;on|tablet&#8220; module_font_size_tablet=&#8220;11px&#8220; module_font_size_phone=&#8220;9px&#8220; module_font_size_last_edited=&#8220;on|phone&#8220; global_colors_info=&#8220;{}&#8220;][\/lwp_divi_breadcrumbs][\/et_pb_column][et_pb_column type=&#8220;1_2&#8243; _builder_version=&#8220;4.14.8&#8243; _module_preset=&#8220;default&#8220; global_colors_info=&#8220;{}&#8220;][et_pb_text _builder_version=&#8220;4.14.9&#8243; _module_preset=&#8220;default&#8220; header_font=&#8220;|600|||||||&#8220; header_text_color=&#8220;#FFFFFF&#8220; header_font_size=&#8220;45px&#8220; custom_margin=&#8220;-50px||||false|false&#8220; custom_margin_tablet=&#8220;-91px||||false|false&#8220; custom_margin_phone=&#8220;-82px||||false|false&#8220; custom_margin_last_edited=&#8220;on|phone&#8220; header_font_size_tablet=&#8220;30px&#8220; header_font_size_phone=&#8220;20px&#8220; header_font_size_last_edited=&#8220;on|phone&#8220; global_colors_info=&#8220;{}&#8220;]<\/p>\n<h1 style=\"text-align: right;\">Frithjof Schuon Archive<\/h1>\n<p>[\/et_pb_text][et_pb_image src=&#8220;https:\/\/fs-sandbox.interweavers.ch\/wp-content\/uploads\/2018\/10\/Frithjof_Schuon_signature2.png&#8220; title_text=&#8220;Frithjof_Schuon_signature2&#8243; show_bottom_space=&#8220;off&#8220; align=&#8220;right&#8220; disabled_on=&#8220;on|off|off&#8220; _builder_version=&#8220;4.14.9&#8243; _module_preset=&#8220;default&#8220; width_tablet=&#8220;30%&#8220; width_phone=&#8220;&#8220; width_last_edited=&#8220;on|phone&#8220; custom_margin=&#8220;40px|10px|||false|false&#8220; global_colors_info=&#8220;{}&#8220;][\/et_pb_image][\/et_pb_column][\/et_pb_row][et_pb_row admin_label=&#8220;row&#8220; _builder_version=&#8220;4.14.8&#8243; background_color=&#8220;#ffffff&#8220; background_size=&#8220;initial&#8220; background_position=&#8220;top_left&#8220; background_repeat=&#8220;repeat&#8220; custom_padding=&#8220;50px|70px|50px|70px|false|false&#8220; global_colors_info=&#8220;{}&#8220;][et_pb_column type=&#8220;4_4&#8243; _builder_version=&#8220;3.25&#8243; custom_padding=&#8220;|||&#8220; global_colors_info=&#8220;{}&#8220; custom_padding__hover=&#8220;|||&#8220;][et_pb_text _builder_version=&#8220;4.14.8&#8243; _module_preset=&#8220;default&#8220; custom_margin=&#8220;0px||0px||false|false&#8220; custom_padding=&#8220;0px||10px|0px|false|false&#8220; global_colors_info=&#8220;{}&#8220;]<\/p>\n<h4>\u00dcber die Website<\/h4>\n<p>[\/et_pb_text][et_pb_text admin_label=&#8220;Text&#8220; _builder_version=&#8220;3.27.4&#8243; background_size=&#8220;initial&#8220; background_position=&#8220;top_left&#8220; background_repeat=&#8220;repeat&#8220; global_colors_info=&#8220;{}&#8220;]<\/p>\n<p>Das Frithjof Schuon Archive ist das umfassendste Archiv von Schuons Leben und Werk, einschlie\u00dflich ver\u00f6ffentlichter Artikel, pers\u00f6nlicher Korrespondenz, Privatzeitungen, Gedichten, Fotografien und Kunstwerken. Diese Site enth\u00e4lt auch Archivinformationen \u00fcber die \u201ePerennialist School\u201c, von der Schuon der herausragende Exponent war. Verschiedene Informationszusammenfassungen und verschiedene Archive erm\u00f6glichen es den Lesern, die Tiefe und Breite von Schuons Leben und Werk aus verschiedenen Blickwinkeln zu betrachten.<\/p>\n<p>Keine \u00dcbersetzung reicht aus, um die Nuance und Tiefe der Bedeutung in den Originalsprache zu vermitteln. Vern\u00fcnftige Denkweisen unterscheiden sich h\u00e4ufig hinsichtlich der besten \u00dcbersetzung, es ist jedoch nicht m\u00f6glich, dasselbe Material in mehreren \u00dcbersetzungen zu drucken. Dieses Archiv bewahrt daher mehrere \u00dcbersetzungen desselben Dokuments in mehreren F\u00e4llen auf, so dass sich Leser eigene Meinungen bilden k\u00f6nnen.<\/p>\n<p>[\/et_pb_text][\/et_pb_column][\/et_pb_row][\/et_pb_section][et_pb_section fb_built=&#8220;1&#8243; _builder_version=&#8220;4.14.9&#8243; _module_preset=&#8220;default&#8220; background_color=&#8220;#dbb957&#8243; background_image=&#8220;https:\/\/fs-sandbox.interweavers.ch\/wp-content\/uploads\/2022\/03\/bg-footer-op50.gif&#8220; custom_margin=&#8220;||0px||false|false&#8220; custom_padding=&#8220;||0px||false|false&#8220; custom_css_main_element=&#8220;background: radial-gradient(ellipse farthest-corner at right bottom, #FEDB37 0%, #FDB931 8%, #9f7928 30%, #8A6E2F 40%, transparent 80%), radial-gradient(ellipse farthest-corner at left top, #FFFFFF 0%, #FFFFAC 8%, #D1B464 25%, #5d4a1f 62.5%, #5d4a1f 100%) !important;&#8220; border_width_top=&#8220;10px&#8220; border_color_top=&#8220;#cc6602&#8243; global_module=&#8220;13483&#8243; saved_tabs=&#8220;all&#8220; global_colors_info=&#8220;{}&#8220;][et_pb_row column_structure=&#8220;1_3,1_3,1_3&#8243; _builder_version=&#8220;4.14.8&#8243; _module_preset=&#8220;default&#8220; global_colors_info=&#8220;{}&#8220;][et_pb_column type=&#8220;1_3&#8243; _builder_version=&#8220;4.14.8&#8243; _module_preset=&#8220;default&#8220; global_colors_info=&#8220;{}&#8220;][et_pb_text _builder_version=&#8220;4.14.9&#8243; _module_preset=&#8220;default&#8220; header_4_text_color=&#8220;#FFFFFF&#8220; background_color=&#8220;#000000&#8243; custom_margin=&#8220;||0px||false|false&#8220; custom_padding=&#8220;15px||10px|15px|false|false&#8220; global_colors_info=&#8220;{}&#8220;]<\/p>\n<h4>Ausgew\u00e4hlte B\u00fccher<\/h4>\n<p>[\/et_pb_text][et_pb_blog fullwidth=&#8220;off&#8220; post_type=&#8220;book&#8220; posts_number=&#8220;1&#8243; show_author=&#8220;off&#8220; show_date=&#8220;off&#8220; show_categories=&#8220;off&#8220; show_excerpt=&#8220;off&#8220; _builder_version=&#8220;4.14.8&#8243; _module_preset=&#8220;default&#8220; background_color=&#8220;#FFFFFF&#8220; custom_padding=&#8220;10px|10px|10px|10px|true|true&#8220; global_colors_info=&#8220;{}&#8220;][\/et_pb_blog][\/et_pb_column][et_pb_column type=&#8220;1_3&#8243; _builder_version=&#8220;4.14.8&#8243; _module_preset=&#8220;default&#8220; global_colors_info=&#8220;{}&#8220;][et_pb_text _builder_version=&#8220;4.14.9&#8243; _module_preset=&#8220;default&#8220; header_4_text_color=&#8220;#FFFFFF&#8220; background_color=&#8220;#000000&#8243; custom_margin=&#8220;||0px||false|false&#8220; custom_padding=&#8220;15px||10px|15px|false|false&#8220; global_colors_info=&#8220;{}&#8220;]<\/p>\n<h4>Ausgew\u00e4hlte Gedichte<\/h4>\n<p>[\/et_pb_text][et_pb_blog fullwidth=&#8220;off&#8220; post_type=&#8220;poem&#8220; posts_number=&#8220;3&#8243; show_thumbnail=&#8220;off&#8220; show_more=&#8220;on&#8220; show_author=&#8220;off&#8220; show_date=&#8220;off&#8220; show_categories=&#8220;off&#8220; show_excerpt=&#8220;off&#8220; _builder_version=&#8220;4.14.8&#8243; _module_preset=&#8220;default&#8220; background_color=&#8220;#FFFFFF&#8220; custom_padding=&#8220;10px|10px|10px|10px|true|true&#8220; global_colors_info=&#8220;{}&#8220;][\/et_pb_blog][\/et_pb_column][et_pb_column type=&#8220;1_3&#8243; _builder_version=&#8220;4.14.8&#8243; _module_preset=&#8220;default&#8220; global_colors_info=&#8220;{}&#8220;][et_pb_text _builder_version=&#8220;4.14.9&#8243; _module_preset=&#8220;default&#8220; header_4_font=&#8220;||||||||&#8220; header_4_text_color=&#8220;#FFFFFF&#8220; background_color=&#8220;#000000&#8243; custom_margin=&#8220;||0px||false|false&#8220; custom_padding=&#8220;15px||10px|15px|false|false&#8220; hover_enabled=&#8220;0&#8243; global_colors_info=&#8220;{}&#8220; sticky_enabled=&#8220;0&#8243;]<\/p>\n<h4>Ausgew\u00e4hlte Artikel<\/h4>\n<p>[\/et_pb_text][et_pb_blog fullwidth=&#8220;off&#8220; post_type=&#8220;articles&#8220; posts_number=&#8220;3&#8243; show_author=&#8220;off&#8220; show_date=&#8220;off&#8220; show_categories=&#8220;off&#8220; show_excerpt=&#8220;off&#8220; _builder_version=&#8220;4.14.8&#8243; _module_preset=&#8220;default&#8220; background_color=&#8220;#FFFFFF&#8220; custom_padding=&#8220;10px|10px|10px|10px|true|true&#8220; global_colors_info=&#8220;{}&#8220;][\/et_pb_blog][\/et_pb_column][\/et_pb_row][et_pb_row _builder_version=&#8220;4.14.8&#8243; _module_preset=&#8220;default&#8220; custom_margin=&#8220;||0px||false|false&#8220; custom_padding=&#8220;||0px||false|false&#8220; global_colors_info=&#8220;{}&#8220;][et_pb_column type=&#8220;4_4&#8243; _builder_version=&#8220;4.14.8&#8243; _module_preset=&#8220;default&#8220; global_colors_info=&#8220;{}&#8220;][et_pb_menu menu_id=&#8220;6&#8243; active_link_color=&#8220;#000000&#8243; _builder_version=&#8220;4.14.8&#8243; _module_preset=&#8220;default&#8220; menu_font=&#8220;|700||on|||||&#8220; menu_text_color=&#8220;#000000&#8243; background_color=&#8220;#cc6602&#8243; background_enable_image=&#8220;off&#8220; custom_margin=&#8220;||0px||false|false&#8220; custom_padding=&#8220;7px||5px|20px|false|false&#8220; global_colors_info=&#8220;{}&#8220;][\/et_pb_menu][\/et_pb_column][\/et_pb_row][\/et_pb_section]<\/p>\n","protected":false},"excerpt":{"rendered":"<p>[lwp_divi_breadcrumbs font_icon=&#8220;&#x39;||divi||400&#8243; separator_color=&#8220;#000000&#8243; current_text_color=&#8220;#000000&#8243; _builder_version=&#8220;4.14.9&#8243; _module_preset=&#8220;default&#8220; module_font=&#8220;|600||on|||||&#8220; module_font_size=&#8220;12px&#8220; custom_margin=&#8220;0px|||20px|false|false&#8220; custom_margin_tablet=&#8220;0px|||15px|false|false&#8220; custom_margin_phone=&#8220;&#8220; custom_margin_last_edited=&#8220;on|tablet&#8220; custom_padding=&#8220;7px||7px||true|false&#8220; custom_padding_tablet=&#8220;0px||0px||true|false&#8220; custom_padding_phone=&#8220;&#8220; custom_padding_last_edited=&#8220;on|tablet&#8220; module_font_size_tablet=&#8220;11px&#8220; module_font_size_phone=&#8220;9px&#8220; module_font_size_last_edited=&#8220;on|phone&#8220; global_colors_info=&#8220;{}&#8220;][\/lwp_divi_breadcrumbs]Frithjof Schuon Archive\u00dcber die WebsiteDas Frithjof Schuon Archive ist das umfassendste Archiv von Schuons Leben und Werk, einschlie\u00dflich ver\u00f6ffentlichter Artikel, pers\u00f6nlicher Korrespondenz, Privatzeitungen, Gedichten, Fotografien und Kunstwerken. Diese Site enth\u00e4lt auch Archivinformationen \u00fcber die \u201ePerennialist School\u201c, von der Schuon der herausragende Exponent war. Verschiedene Informationszusammenfassungen und verschiedene Archive erm\u00f6glichen es den Lesern, die Tiefe und Breite von Schuons Leben und Werk aus verschiedenen Blickwinkeln zu betrachten. Keine \u00dcbersetzung reicht aus, um die Nuance und Tiefe der Bedeutung in den Originalsprache zu vermitteln. Vern\u00fcnftige Denkweisen unterscheiden sich h\u00e4ufig hinsichtlich der besten \u00dcbersetzung, es ist jedoch nicht m\u00f6glich, dasselbe Material in mehreren \u00dcbersetzungen zu drucken. Dieses Archiv bewahrt daher mehrere \u00dcbersetzungen desselben Dokuments in mehreren F\u00e4llen auf, so dass sich Leser eigene Meinungen bilden k\u00f6nnen.Ausgew\u00e4hlte B\u00fccherAusgew\u00e4hlte GedichteAusgew\u00e4hlte Artikel<\/p>\n","protected":false},"author":2,"featured_media":0,"parent":0,"menu_order":0,"comment_status":"closed","ping_status":"closed","template":"","meta":{"_et_pb_use_builder":"on","_et_pb_old_content":"","_et_gb_content_width":"","footnotes":""},"class_list":["post-310","page","type-page","status-publish","hentry"],"_links":{"self":[{"href":"https:\/\/fs-sandbox.interweavers.ch\/de\/wp-json\/wp\/v2\/pages\/310","targetHints":{"allow":["GET"]}}],"collection":[{"href":"https:\/\/fs-sandbox.interweavers.ch\/de\/wp-json\/wp\/v2\/pages"}],"about":[{"href":"https:\/\/fs-sandbox.interweavers.ch\/de\/wp-json\/wp\/v2\/types\/page"}],"author":[{"embeddable":true,"href":"https:\/\/fs-sandbox.interweavers.ch\/de\/wp-json\/wp\/v2\/users\/2"}],"replies":[{"embeddable":true,"href":"https:\/\/fs-sandbox.interweavers.ch\/de\/wp-json\/wp\/v2\/comments?post=310"}],"version-history":[{"count":0,"href":"https:\/\/fs-sandbox.interweavers.ch\/de\/wp-json\/wp\/v2\/pages\/310\/revisions"}],"wp:attachment":[{"href":"https:\/\/fs-sandbox.interweavers.ch\/de\/wp-json\/wp\/v2\/media?parent=310"}],"curies":[{"name":"wp","href":"https:\/\/api.w.org\/{rel}","templated":true}]}}