{"id":61,"date":"2018-10-02T14:48:21","date_gmt":"2018-10-02T14:48:21","guid":{"rendered":"https:\/\/fs-sandbox.interweavers.ch\/?page_id=61"},"modified":"2025-12-11T13:20:03","modified_gmt":"2025-12-11T13:20:03","slug":"frithjof-schuon-archiv","status":"publish","type":"page","link":"https:\/\/fs-sandbox.interweavers.ch\/de\/","title":{"rendered":"Frithjof Schuon Archiv"},"content":{"rendered":"<p>[et_pb_section fb_built=&#8220;1&#8243; fullwidth=&#8220;on&#8220; _builder_version=&#8220;4.27.5&#8243; _module_preset=&#8220;default&#8220; height_tablet=&#8220;&#8220; height_phone=&#8220;200px&#8220; height_last_edited=&#8220;on|tablet&#8220; hover_enabled=&#8220;0&#8243; border_width_bottom=&#8220;11px&#8220; border_color_bottom=&#8220;#cc6602&#8243; global_colors_info=&#8220;{}&#8220; sticky_enabled=&#8220;0&#8243; min_height=&#8220;350px&#8220; min_height_last_edited=&#8220;on|phone&#8220; min_height_tablet=&#8220;350px&#8220; min_height_phone=&#8220;350px&#8220;][et_pb_fullwidth_image src=&#8220;https:\/\/fs-sandbox.interweavers.ch\/wp-content\/uploads\/2022\/03\/header_FSA-dark-1.jpg&#8220; title_text=&#8220;header_FSA-dark&#8220; _builder_version=&#8220;4.16&#8243; _module_preset=&#8220;default&#8220; min_height_tablet=&#8220;auto&#8220; min_height_phone=&#8220;auto&#8220; min_height_last_edited=&#8220;on|phone&#8220; global_colors_info=&#8220;{}&#8220;][\/et_pb_fullwidth_image][\/et_pb_section][et_pb_section fb_built=&#8220;1&#8243; admin_label=&#8220;section&#8220; _builder_version=&#8220;4.16&#8243; background_image=&#8220;https:\/\/fs-sandbox.interweavers.ch\/wp-content\/uploads\/2018\/09\/FSA_background.gif&#8220; background_size=&#8220;initial&#8220; background_repeat=&#8220;repeat&#8220; global_colors_info=&#8220;{}&#8220;][et_pb_row column_structure=&#8220;1_2,1_2&#8243; module_class=&#8220;breadcum_background&#8220; _builder_version=&#8220;4.16&#8243; _module_preset=&#8220;default&#8220; background_color=&#8220;#c4a651&#8243; background_image=&#8220;https:\/\/fs-sandbox.interweavers.ch\/wp-content\/uploads\/2022\/03\/gold-background-200.jpg&#8220; height=&#8220;127px&#8220; height_tablet=&#8220;100px&#8220; height_phone=&#8220;50px&#8220; height_last_edited=&#8220;on|phone&#8220; custom_margin=&#8220;-180px||0px||false|false&#8220; custom_margin_tablet=&#8220;-150px||0px||false|false&#8220; custom_margin_phone=&#8220;-111px||0px||false|false&#8220; custom_margin_last_edited=&#8220;on|phone&#8220; custom_padding=&#8220;10px||0px||false|false&#8220; saved_tabs=&#8220;all&#8220; global_colors_info=&#8220;{}&#8220;][et_pb_column type=&#8220;1_2&#8243; _builder_version=&#8220;4.16&#8243; _module_preset=&#8220;default&#8220; custom_padding=&#8220;||0px||false|false&#8220; global_colors_info=&#8220;{}&#8220;][\/et_pb_column][et_pb_column type=&#8220;1_2&#8243; _builder_version=&#8220;4.16&#8243; _module_preset=&#8220;default&#8220; global_colors_info=&#8220;{}&#8220;][et_pb_text _builder_version=&#8220;4.27.4&#8243; _module_preset=&#8220;default&#8220; header_font=&#8220;|600|||||||&#8220; header_text_color=&#8220;#FFFFFF&#8220; header_font_size=&#8220;43px&#8220; custom_margin=&#8220;-50px||||false|false&#8220; custom_margin_tablet=&#8220;-91px||||false|false&#8220; custom_margin_phone=&#8220;-60px||||false|false&#8220; custom_margin_last_edited=&#8220;on|phone&#8220; header_font_size_tablet=&#8220;30px&#8220; header_font_size_phone=&#8220;20px&#8220; header_font_size_last_edited=&#8220;on|phone&#8220; global_colors_info=&#8220;{}&#8220;]<\/p>\n<h1 style=\"text-align: right;\">Frithjof Schuon Archiv<\/h1>\n<p>[\/et_pb_text][et_pb_image src=&#8220;https:\/\/fs-sandbox.interweavers.ch\/wp-content\/uploads\/2018\/10\/Frithjof_Schuon_signature2.png&#8220; title_text=&#8220;Frithjof_Schuon_signature2&#8243; show_bottom_space=&#8220;off&#8220; align=&#8220;right&#8220; disabled_on=&#8220;on|off|off&#8220; _builder_version=&#8220;4.16&#8243; _module_preset=&#8220;default&#8220; width_tablet=&#8220;30%&#8220; width_phone=&#8220;&#8220; width_last_edited=&#8220;on|phone&#8220; custom_margin=&#8220;40px|10px|||false|false&#8220; global_colors_info=&#8220;{}&#8220;][\/et_pb_image][\/et_pb_column][\/et_pb_row][et_pb_row admin_label=&#8220;row&#8220; _builder_version=&#8220;4.27.5&#8243; background_color=&#8220;#ffffff&#8220; background_size=&#8220;initial&#8220; background_position=&#8220;top_left&#8220; background_repeat=&#8220;repeat&#8220; custom_padding=&#8220;50px|70px|50px|70px|false|false&#8220; hover_enabled=&#8220;0&#8243; global_colors_info=&#8220;{}&#8220; custom_padding_last_edited=&#8220;on|phone&#8220; sticky_enabled=&#8220;0&#8243; custom_padding_tablet=&#8220;|30px||30px|false|true&#8220; custom_padding_phone=&#8220;|5px||5px|false|true&#8220;][et_pb_column type=&#8220;4_4&#8243; _builder_version=&#8220;4.16&#8243; custom_padding=&#8220;|||&#8220; global_colors_info=&#8220;{}&#8220; custom_padding__hover=&#8220;|||&#8220;][et_pb_text _builder_version=&#8220;4.27.4&#8243; _module_preset=&#8220;default&#8220; custom_margin=&#8220;0px||0px||false|false&#8220; custom_padding=&#8220;0px||10px|0px|false|false&#8220; global_colors_info=&#8220;{}&#8220;]<\/p>\n<h4>Materialien zu Leben und Lehre von Frithjof Schuon<\/h4>\n<p>[\/et_pb_text][et_pb_text admin_label=&#8220;Text&#8220; _builder_version=&#8220;4.27.4&#8243; background_size=&#8220;initial&#8220; background_position=&#8220;top_left&#8220; background_repeat=&#8220;repeat&#8220; global_colors_info=&#8220;{}&#8220;]<\/p>\n<p>Diese Website ist die umfassendste Quelle \u00fcber Leben und Werk von Frithjof Schuon (1907-1998); zu den Materialien geh\u00f6ren ver\u00f6ffentlichte Artikel, sein pers\u00f6nlicher Briefwechsel, private Aufzeichnungen, Gedichte, Fotografien und Kunstwerke.<\/p>\n<p>Frithjof Schuon ist der herausragende Vertreter einer Denkrichtung, deren Hauptaugenmerk der Darstellung und der Erkl\u00e4rung der Philosophia perennis gilt. Diese Philosophie ist die zeitlose metaphysische Wahrheit, die den verschiedenen Religionen zugrunde liegt, und deren schriftliche Quellen die Schriften der Offenbarung sowie die Werke der gro\u00dfen geistigen Meister sind. Weil diese Wahrheiten dauerhaft und allgemein sind, kann die Denkrichtung folglich \u00bbperennierend\u00ab (immerw\u00e4hrend, ewig) genannt werden. Die ewige Philosophie ist eine wichtige Betrachtungsweise, die Anregungen f\u00fcr das Studium der vergleichenden Religionswissenschaft, der Anthropologie, der Kunst, der Literatur und vieler \u00e4hnlicher Bereiche, sowie vor allem f\u00fcr Wahrheitssucher geben kann.<\/p>\n<p>Schuon war ein Philosoph in der Tradition von Platon, von Shankara und von Meister Eckhart, und er schrieb \u00fcber zwei Dutzend B\u00fccher \u00fcber Religion, Metaphysik, heilige Kunst und den geistigen Weg. \u00dcber Schuons erstes Buch <i>Von der Inneren Einheit der Religionen<\/i> schrieb der Nobelpreistr\u00e4ger T.S. Eliot: \u00bbIch kenne kein beeindruckenderes Werk \u00fcber den Vergleich \u00f6stlicher und westlicher Religion\u00ab, und der weltber\u00fchmte Religionswissenschaftler Huston Smith sagte von Schuon: \u00bbDer Mann ist ein lebendes Wunder; geistig ist er in Bezug auf die Religion sowohl in der Tiefe als auch in der Breite das Musterbeispiel unserer Zeit\u00ab. Schuons B\u00fccher sind in mehr als ein Dutzend Sprachen \u00fcbersetzt worden und genie\u00dfen das Ansehen ma\u00dfgeblicher Pers\u00f6nlichkeiten aus dem akademischen und religi\u00f6sen Bereich. Schuons Schriften bleiben un\u00fcbertroffen, wenn es darum geht, die Grunds\u00e4tze der Philosophia perennis sowie deren Anwendungen auf das geistige Leben, auf die \u00c4sthetik und auf andere Bereiche darzulegen.<\/p>\n<p>\u00dcber seine Leistungen als Autor hinaus war Frithjof Schuon auch ein begabter K\u00fcnstler und Dichter. Seine Kunst und seine Poesie ergaben sich ganz nat\u00fcrlich aus seiner Wahrnehmung der Sch\u00f6pfung als Spiegel der Gegenwart Gottes. In einem Ausstellungskatalog zu einer Ausstellung mit Schuons Kunstwerken hei\u00dft es: \u00bbSchuons Gem\u00e4lde, die seiner reichen und einzigartigen Pers\u00f6nlichkeit entspringen, \u2026 haben einen seltenen Wert, nicht nur was das k\u00fcnstlerische Niveau betrifft, sondern vor allem, weil sie uns die Darstellung der menschlichen Seele in ihrer edelsten und sch\u00f6nsten Form schenken, n\u00e4mlich als Tr\u00e4ger der Wahrheit.\u00ab Der Sinn f\u00fcr das Heilige erscheint in Schuons Kunst und Dichtung ebensosehr wie in seinen philosophischen Schriften.<\/p>\n<p>Die Geschichte von Schuons Leben, so wie es auf diesen Seiten dargestellt wird, zeigt, wie sein eigener Geist, seine Pers\u00f6nlichkeit und sein Handeln Zeugnis ablegen f\u00fcr die erhabene Metaphysik, die geistigen Einsichten und das k\u00fcnstlerische Schaffen, die sein Lebenswerk ausmachen.<\/p>\n<p>Diese Online-Quelle gibt eine umfassende \u00dcbersicht \u00fcber die vielf\u00e4ltigen Formen, durch die Frithjof Schuon wichtige Beitr\u00e4ge zu den Erscheinungsformen der zeitlosen Wahrheit geleistet hat.<\/p>\n<p>[\/et_pb_text][\/et_pb_column][\/et_pb_row][\/et_pb_section][et_pb_section fb_built=&#8220;1&#8243; admin_label=&#8220;Footer with Posts EN&#8220; _builder_version=&#8220;4.27.4&#8243; _module_preset=&#8220;default&#8220; background_color=&#8220;#030303&#8243; background_enable_image=&#8220;off&#8220; custom_margin=&#8220;||0px||false|false&#8220; custom_padding=&#8220;||0px||false|false&#8220; border_width_top=&#8220;10px&#8220; border_color_top=&#8220;#cc6602&#8243; global_module=&#8220;12822&#8243; saved_tabs=&#8220;all&#8220; global_colors_info=&#8220;{}&#8220;][et_pb_row column_structure=&#8220;1_3,1_3,1_3&#8243; _builder_version=&#8220;4.27.4&#8243; _module_preset=&#8220;default&#8220; global_colors_info=&#8220;{}&#8220;][et_pb_column type=&#8220;1_3&#8243; _builder_version=&#8220;4.27.4&#8243; _module_preset=&#8220;default&#8220; global_colors_info=&#8220;{}&#8220;][et_pb_text _builder_version=&#8220;4.27.4&#8243; _module_preset=&#8220;default&#8220; header_4_text_color=&#8220;#000000&#8243; background_color=&#8220;#dbb957&#8243; background_image=&#8220;https:\/\/fs-sandbox.interweavers.ch\/wp-content\/uploads\/2022\/03\/gold-background-200.jpg&#8220; custom_margin=&#8220;||0px||false|false&#8220; custom_padding=&#8220;20px||15px|15px|false|false&#8220; global_colors_info=&#8220;{}&#8220;]<\/p>\n<h4>Ausgew\u00e4hlte B\u00fccher<\/h4>\n<p>[\/et_pb_text][et_pb_blog fullwidth=&#8220;off&#8220; post_type=&#8220;book&#8220; posts_number=&#8220;1&#8243; show_author=&#8220;off&#8220; show_date=&#8220;off&#8220; show_categories=&#8220;off&#8220; show_excerpt=&#8220;off&#8220; _builder_version=&#8220;4.16&#8243; _module_preset=&#8220;default&#8220; background_color=&#8220;#FFFFFF&#8220; custom_padding=&#8220;10px|10px|10px|10px|true|true&#8220; global_colors_info=&#8220;{}&#8220;][\/et_pb_blog][\/et_pb_column][et_pb_column type=&#8220;1_3&#8243; _builder_version=&#8220;4.27.4&#8243; _module_preset=&#8220;default&#8220; global_colors_info=&#8220;{}&#8220;][et_pb_text _builder_version=&#8220;4.16&#8243; _module_preset=&#8220;default&#8220; header_4_text_color=&#8220;#000000&#8243; background_color=&#8220;#dbb957&#8243; background_image=&#8220;https:\/\/fs-sandbox.interweavers.ch\/wp-content\/uploads\/2022\/03\/gold-background-200.jpg&#8220; custom_margin=&#8220;||0px||false|false&#8220; custom_padding=&#8220;20px||15px|15px|false|false&#8220; global_colors_info=&#8220;{}&#8220;]<\/p>\n<h4>Ausgew\u00e4hlte Gedichte<\/h4>\n<p>[\/et_pb_text][et_pb_blog fullwidth=&#8220;off&#8220; post_type=&#8220;poem&#8220; posts_number=&#8220;3&#8243; show_thumbnail=&#8220;off&#8220; show_more=&#8220;on&#8220; show_author=&#8220;off&#8220; show_date=&#8220;off&#8220; show_categories=&#8220;off&#8220; show_excerpt=&#8220;off&#8220; _builder_version=&#8220;4.16&#8243; _module_preset=&#8220;default&#8220; background_color=&#8220;#FFFFFF&#8220; custom_padding=&#8220;10px|10px|10px|10px|true|true&#8220; global_colors_info=&#8220;{}&#8220;][\/et_pb_blog][\/et_pb_column][et_pb_column type=&#8220;1_3&#8243; _builder_version=&#8220;4.27.4&#8243; _module_preset=&#8220;default&#8220; global_colors_info=&#8220;{}&#8220;][et_pb_text _builder_version=&#8220;4.27.4&#8243; _module_preset=&#8220;default&#8220; header_4_text_color=&#8220;#000000&#8243; background_color=&#8220;#dbb957&#8243; background_image=&#8220;https:\/\/fs-sandbox.interweavers.ch\/wp-content\/uploads\/2022\/03\/gold-background-200.jpg&#8220; custom_margin=&#8220;||0px||false|false&#8220; custom_padding=&#8220;20px||15px|15px|false|false&#8220; global_colors_info=&#8220;{}&#8220;]<\/p>\n<h4>Ausgew\u00e4hlte Artikel<\/h4>\n<p>[\/et_pb_text][et_pb_blog fullwidth=&#8220;off&#8220; post_type=&#8220;articles&#8220; posts_number=&#8220;3&#8243; show_thumbnail=&#8220;off&#8220; show_more=&#8220;on&#8220; show_author=&#8220;off&#8220; show_date=&#8220;off&#8220; show_categories=&#8220;off&#8220; show_excerpt=&#8220;off&#8220; _builder_version=&#8220;4.27.4&#8243; _module_preset=&#8220;default&#8220; background_color=&#8220;#FFFFFF&#8220; custom_padding=&#8220;10px|10px|10px|10px|true|true&#8220; global_colors_info=&#8220;{}&#8220;][\/et_pb_blog][\/et_pb_column][\/et_pb_row][\/et_pb_section]<\/p>\n","protected":false},"excerpt":{"rendered":"<p>Frithjof Schuon ArchivMaterialien zu Leben und Lehre von Frithjof SchuonDiese Website ist die umfassendste Quelle \u00fcber Leben und Werk von Frithjof Schuon (1907-1998); zu den Materialien geh\u00f6ren ver\u00f6ffentlichte Artikel, sein pers\u00f6nlicher Briefwechsel, private Aufzeichnungen, Gedichte, Fotografien und Kunstwerke. Frithjof Schuon ist der herausragende Vertreter einer Denkrichtung, deren Hauptaugenmerk der Darstellung und der Erkl\u00e4rung der Philosophia perennis gilt. Diese Philosophie ist die zeitlose metaphysische Wahrheit, die den verschiedenen Religionen zugrunde liegt, und deren schriftliche Quellen die Schriften der Offenbarung sowie die Werke der gro\u00dfen geistigen Meister sind. Weil diese Wahrheiten dauerhaft und allgemein sind, kann die Denkrichtung folglich \u00bbperennierend\u00ab (immerw\u00e4hrend, ewig) genannt werden. Die ewige Philosophie ist eine wichtige Betrachtungsweise, die Anregungen f\u00fcr das Studium der vergleichenden Religionswissenschaft, der Anthropologie, der Kunst, der Literatur und vieler \u00e4hnlicher Bereiche, sowie vor allem f\u00fcr Wahrheitssucher geben kann. Schuon war ein Philosoph in der Tradition von Platon, von Shankara und von Meister Eckhart, und er schrieb \u00fcber zwei Dutzend B\u00fccher \u00fcber Religion, Metaphysik, heilige Kunst und den geistigen Weg. \u00dcber Schuons erstes Buch Von der Inneren Einheit der Religionen schrieb der Nobelpreistr\u00e4ger T.S. Eliot: \u00bbIch kenne kein beeindruckenderes Werk \u00fcber den Vergleich \u00f6stlicher und westlicher Religion\u00ab, und der weltber\u00fchmte Religionswissenschaftler Huston Smith sagte von [&hellip;]<\/p>\n","protected":false},"author":3,"featured_media":0,"parent":0,"menu_order":0,"comment_status":"closed","ping_status":"closed","template":"","meta":{"_et_pb_use_builder":"on","_et_pb_old_content":"","_et_gb_content_width":"","footnotes":""},"class_list":["post-61","page","type-page","status-publish","hentry"],"_links":{"self":[{"href":"https:\/\/fs-sandbox.interweavers.ch\/de\/wp-json\/wp\/v2\/pages\/61","targetHints":{"allow":["GET"]}}],"collection":[{"href":"https:\/\/fs-sandbox.interweavers.ch\/de\/wp-json\/wp\/v2\/pages"}],"about":[{"href":"https:\/\/fs-sandbox.interweavers.ch\/de\/wp-json\/wp\/v2\/types\/page"}],"author":[{"embeddable":true,"href":"https:\/\/fs-sandbox.interweavers.ch\/de\/wp-json\/wp\/v2\/users\/3"}],"replies":[{"embeddable":true,"href":"https:\/\/fs-sandbox.interweavers.ch\/de\/wp-json\/wp\/v2\/comments?post=61"}],"version-history":[{"count":3,"href":"https:\/\/fs-sandbox.interweavers.ch\/de\/wp-json\/wp\/v2\/pages\/61\/revisions"}],"predecessor-version":[{"id":14175,"href":"https:\/\/fs-sandbox.interweavers.ch\/de\/wp-json\/wp\/v2\/pages\/61\/revisions\/14175"}],"wp:attachment":[{"href":"https:\/\/fs-sandbox.interweavers.ch\/de\/wp-json\/wp\/v2\/media?parent=61"}],"curies":[{"name":"wp","href":"https:\/\/api.w.org\/{rel}","templated":true}]}}