{"id":1676,"date":"2018-11-15T11:59:12","date_gmt":"2018-11-15T11:59:12","guid":{"rendered":"https:\/\/fs-sandbox.interweavers.ch\/?page_id=1676"},"modified":"2025-12-14T13:23:35","modified_gmt":"2025-12-14T13:23:35","slug":"chapitres-et-extraits","status":"publish","type":"page","link":"https:\/\/fs-sandbox.interweavers.ch\/fr\/chapitres-et-extraits\/","title":{"rendered":"Chapitres et extraits"},"content":{"rendered":"<p>[et_pb_section fb_built=\u00a0\u00bb1&Prime; fullwidth=\u00a0\u00bbon\u00a0\u00bb admin_label=\u00a0\u00bbFS Schuon Complete Inner Header\u00a0\u00bb _builder_version=\u00a0\u00bb4.27.5&Prime; _module_preset=\u00a0\u00bbdefault\u00a0\u00bb background_color=\u00a0\u00bb#000000&Prime; min_height=\u00a0\u00bb250px\u00a0\u00bb border_width_bottom=\u00a0\u00bb11px\u00a0\u00bb border_color_bottom=\u00a0\u00bb#cc6602&Prime; global_module=\u00a0\u00bb14136&Prime; saved_tabs=\u00a0\u00bball\u00a0\u00bb global_colors_info=\u00a0\u00bb{}\u00a0\u00bb][et_pb_fullwidth_image src=\u00a0\u00bbhttps:\/\/fs-sandbox.interweavers.ch\/wp-content\/uploads\/2022\/03\/header_FSA_Inner-Page-dark.jpg\u00a0\u00bb title_text=\u00a0\u00bbheader_FSA_Inner-Page-dark\u00a0\u00bb _builder_version=\u00a0\u00bb4.16&Prime; _module_preset=\u00a0\u00bbdefault\u00a0\u00bb global_colors_info=\u00a0\u00bb{}\u00a0\u00bb][\/et_pb_fullwidth_image][\/et_pb_section][et_pb_section fb_built=\u00a0\u00bb1&Prime; admin_label=\u00a0\u00bbsection\u00a0\u00bb _builder_version=\u00a0\u00bb4.16&Prime; background_image=\u00a0\u00bbhttps:\/\/fs-sandbox.interweavers.ch\/wp-content\/uploads\/2018\/09\/FSA_background.gif\u00a0\u00bb background_size=\u00a0\u00bbinitial\u00a0\u00bb background_repeat=\u00a0\u00bbrepeat\u00a0\u00bb global_colors_info=\u00a0\u00bb{}\u00a0\u00bb][et_pb_row column_structure=\u00a0\u00bb1_2,1_2&Prime; _builder_version=\u00a0\u00bb4.27.4&Prime; _module_preset=\u00a0\u00bbdefault\u00a0\u00bb background_color=\u00a0\u00bb#c4a651&Prime; background_image=\u00a0\u00bbhttps:\/\/fs-sandbox.interweavers.ch\/wp-content\/uploads\/2022\/03\/gold-background-200.jpg\u00a0\u00bb height=\u00a0\u00bb127px\u00a0\u00bb custom_margin=\u00a0\u00bb-180px||0px||false|false\u00a0\u00bb custom_padding=\u00a0\u00bb10px||0px||false|false\u00a0\u00bb global_module=\u00a0\u00bb14147&Prime; saved_tabs=\u00a0\u00bball\u00a0\u00bb global_colors_info=\u00a0\u00bb{}\u00a0\u00bb][et_pb_column type=\u00a0\u00bb1_2&Prime; _builder_version=\u00a0\u00bb4.27.4&Prime; _module_preset=\u00a0\u00bbdefault\u00a0\u00bb custom_padding=\u00a0\u00bb0px||0px||false|false\u00a0\u00bb global_colors_info=\u00a0\u00bb{}\u00a0\u00bb][dsm_breadcrumbs show_home_icon=\u00a0\u00bboff\u00a0\u00bb separator_icon=\u00a0\u00bb&#x39;||divi||400&Prime; separator_padding=\u00a0\u00bb0px|0px|0px||false|false\u00a0\u00bb current_padding=\u00a0\u00bb0px|0px|0px||false|false\u00a0\u00bb admin_label=\u00a0\u00bbBreadcrumbs\u00a0\u00bb _builder_version=\u00a0\u00bb4.27.4&Prime; _module_preset=\u00a0\u00bbdefault\u00a0\u00bb items_font=\u00a0\u00bb&#8211;et_global_body_font|700||on|||||\u00a0\u00bb items_font_size=\u00a0\u00bb12px\u00a0\u00bb separators_text_color=\u00a0\u00bb#000000&Prime; separators_font_size=\u00a0\u00bb12px\u00a0\u00bb current_font=\u00a0\u00bb|600||on|||||\u00a0\u00bb current_text_color=\u00a0\u00bb#000000&Prime; current_font_size=\u00a0\u00bb12px\u00a0\u00bb custom_margin=\u00a0\u00bb0px||0px|20px|false|false\u00a0\u00bb custom_padding=\u00a0\u00bb0px||0px||false|false\u00a0\u00bb global_colors_info=\u00a0\u00bb{}\u00a0\u00bb][\/dsm_breadcrumbs][\/et_pb_column][et_pb_column type=\u00a0\u00bb1_2&Prime; _builder_version=\u00a0\u00bb4.16&Prime; _module_preset=\u00a0\u00bbdefault\u00a0\u00bb global_colors_info=\u00a0\u00bb{}\u00a0\u00bb][et_pb_text _builder_version=\u00a0\u00bb4.27.5&Prime; _module_preset=\u00a0\u00bbdefault\u00a0\u00bb header_font=\u00a0\u00bb|600|||||||\u00a0\u00bb header_text_color=\u00a0\u00bb#FFFFFF\u00a0\u00bb header_font_size=\u00a0\u00bb43px\u00a0\u00bb custom_margin=\u00a0\u00bb-48px||||false|false\u00a0\u00bb custom_margin_tablet=\u00a0\u00bb-112px||||false|false\u00a0\u00bb custom_margin_phone=\u00a0\u00bb-105px||||false|false\u00a0\u00bb custom_margin_last_edited=\u00a0\u00bbon|tablet\u00a0\u00bb header_text_align_tablet=\u00a0\u00bb\u00a0\u00bb header_text_align_phone=\u00a0\u00bb\u00a0\u00bb header_text_align_last_edited=\u00a0\u00bbon|phone\u00a0\u00bb header_font_size_tablet=\u00a0\u00bb34px\u00a0\u00bb header_font_size_phone=\u00a0\u00bb26px\u00a0\u00bb header_font_size_last_edited=\u00a0\u00bbon|tablet\u00a0\u00bb global_colors_info=\u00a0\u00bb{}\u00a0\u00bb]<\/p>\n<h1 style=\"text-align: right;\">Archives Frithjof Schuon<\/h1>\n<p>[\/et_pb_text][et_pb_image src=\u00a0\u00bbhttps:\/\/fs-sandbox.interweavers.ch\/wp-content\/uploads\/2018\/10\/Frithjof_Schuon_signature2.png\u00a0\u00bb title_text=\u00a0\u00bbFrithjof_Schuon_signature2&Prime; show_bottom_space=\u00a0\u00bboff\u00a0\u00bb align=\u00a0\u00bbright\u00a0\u00bb disabled_on=\u00a0\u00bbon|off|off\u00a0\u00bb _builder_version=\u00a0\u00bb4.16&Prime; _module_preset=\u00a0\u00bbdefault\u00a0\u00bb custom_margin=\u00a0\u00bb40px|10px|||false|false\u00a0\u00bb global_colors_info=\u00a0\u00bb{}\u00a0\u00bb][\/et_pb_image][\/et_pb_column][\/et_pb_row][et_pb_row custom_padding_last_edited=\u00a0\u00bbon|phone\u00a0\u00bb admin_label=\u00a0\u00bbrow\u00a0\u00bb _builder_version=\u00a0\u00bb4.27.5&Prime; background_color=\u00a0\u00bb#ffffff\u00a0\u00bb background_size=\u00a0\u00bbinitial\u00a0\u00bb background_position=\u00a0\u00bbtop_left\u00a0\u00bb background_repeat=\u00a0\u00bbrepeat\u00a0\u00bb custom_padding=\u00a0\u00bb50px|70px|50px|70px|false|true\u00a0\u00bb custom_padding_tablet=\u00a0\u00bb|30px||30px|false|true\u00a0\u00bb custom_padding_phone=\u00a0\u00bb|5px||5px|false|true\u00a0\u00bb global_colors_info=\u00a0\u00bb{}\u00a0\u00bb][et_pb_column type=\u00a0\u00bb4_4&Prime; _builder_version=\u00a0\u00bb4.16&Prime; custom_padding=\u00a0\u00bb|||\u00a0\u00bb global_colors_info=\u00a0\u00bb{}\u00a0\u00bb custom_padding__hover=\u00a0\u00bb|||\u00a0\u00bb][et_pb_text _builder_version=\u00a0\u00bb4.27.5&Prime; _module_preset=\u00a0\u00bbdefault\u00a0\u00bb global_colors_info=\u00a0\u00bb{}\u00a0\u00bb]<\/p>\n<h4>Chapitres et extraits<\/h4>\n<p>[\/et_pb_text][et_pb_code _builder_version=\u00a0\u00bb4.27.5&Prime; _module_preset=\u00a0\u00bbdefault\u00a0\u00bb hover_enabled=\u00a0\u00bb0&Prime; global_colors_info=\u00a0\u00bb{}\u00a0\u00bb sticky_enabled=\u00a0\u00bb0&Prime;]<table id=\"ptp_bca9804ed81650b9_1\" class=\"posts-data-table\" width=\"100%\" data-config=\"{&quot;pageLength&quot;:25,&quot;pagingType&quot;:&quot;simple_numbers&quot;,&quot;serverSide&quot;:false,&quot;autoWidth&quot;:true,&quot;clickFilter&quot;:&quot;&quot;,&quot;stickyHeader&quot;:false,&quot;scrollOffset&quot;:15,&quot;resetButton&quot;:false,&quot;numOrder&quot;:false,&quot;lengthMenu&quot;:[[10,25,50,100,-1],[10,25,50,100,&quot;Tout&quot;]],&quot;columnDefs&quot;:[{&quot;className&quot;:&quot;col-title&quot;,&quot;targets&quot;:0,&quot;type&quot;:&quot;html&quot;},{&quot;className&quot;:&quot;col-excerpt&quot;,&quot;targets&quot;:1,&quot;type&quot;:&quot;html&quot;},{&quot;className&quot;:&quot;col-source&quot;,&quot;targets&quot;:2,&quot;type&quot;:&quot;html&quot;},{&quot;className&quot;:&quot;col-lang&quot;,&quot;targets&quot;:3,&quot;type&quot;:&quot;html&quot;},{&quot;className&quot;:&quot;col-download&quot;,&quot;targets&quot;:4,&quot;type&quot;:&quot;html&quot;}],&quot;responsive&quot;:{&quot;details&quot;:{&quot;display&quot;:&quot;child_row&quot;}},&quot;language&quot;:{&quot;info&quot;:&quot;_TOTAL_ chapters&quot;,&quot;infoEmpty&quot;:&quot;0 chapters&quot;,&quot;emptyTable&quot;:&quot;Aucun chapters correspondant.&quot;,&quot;zeroRecords&quot;:&quot;Aucun chapters correspondant.&quot;,&quot;totalsSingle&quot;:&quot;chapter&quot;,&quot;totalsPlural&quot;:&quot;chapters&quot;},&quot;dom&quot;:&quot;&lt;\\&quot;posts-table-wrapper divi\\&quot;&lt;\\&quot;posts-table-above posts-table-controls\\&quot;f&gt;t&lt;\\&quot;posts-table-below posts-table-controls\\&quot;ip&gt;&gt;&quot;}\" data-filters=\"false\" data-order=\"[]\"><thead><tr><th class=\"all\" data-name=\"title\" data-orderable=\"true\" data-searchable=\"true\" data-priority=\"1\">Titre<\/th><th data-name=\"excerpt\" data-orderable=\"true\" data-searchable=\"true\" data-priority=\"4\">R\u00e9sum\u00e9<\/th><th data-name=\"cf_source\" data-orderable=\"true\" data-searchable=\"true\">Source<\/th><th data-name=\"cf_lang\" data-orderable=\"true\" data-searchable=\"true\">Lang<\/th><th data-name=\"cf_download\" data-orderable=\"true\" data-searchable=\"true\">Download<\/th><\/tr><\/thead><tbody><tr id=\"post-row-14220\" class=\"post-row post-type-chapter chapter-14220 publish\"><td><a href=\"https:\/\/fs-sandbox.interweavers.ch\/fr\/chapter\/to-have-a-center\/\">To Have a Center<\/a><\/td><td><p>\u00catre normal, c&rsquo;est \u00eatre homog\u00e8ne, et \u00eatre homog\u00e8ne, c&rsquo;est avoir un centre. Un homme normal est un homme dont les tendances, si elles ne sont pas tout \u00e0 fait uniformes, sont au moins concordantes, c&rsquo;est-\u00e0-dire suffisamment concordantes pour transmettre ce centre d\u00e9cisif que nous pouvons appeler le sens de l&rsquo;Absolu ou l&rsquo;amour de Dieu. <\/p>\n<\/td><td><p><a href=\"https:\/\/fs-sandbox.interweavers.ch\/book\/to-have-a-center-a-new-translation-with-selected-letters-2\/\">To Have a Center: A New Translation with Selected Letters<\/a><\/p>\n<\/td><td>Anglais<\/td><td><p><a href=\"https:\/\/fs-sandbox.interweavers.ch\/wp-content\/uploads\/2018\/09\/To_Have_a_Center.pdf\" target=\"_blank\" rel=\"noopener\">PDF File<\/a><\/p>\n<\/td><\/tr><tr id=\"post-row-14217\" class=\"post-row post-type-chapter chapter-14217 publish\"><td><a href=\"https:\/\/fs-sandbox.interweavers.ch\/fr\/chapter\/form-und-gehalt-in-den-religionen\/\">Form und Gehalt in den Religionen<\/a><\/td><td><p>Il s&rsquo;agit du deuxi\u00e8me chapitre du livre de Frithjof Schuon intitul\u00e9 \u201eForm und Gehalt in den Religionen\u201c.<br \/> Ce chapitre compare le christianisme et l&rsquo;islam.<\/p>\n<\/td><td><p>Form und Gehalt in den Religionen<\/p>\n<\/td><td><\/td><td><\/td><\/tr><\/tbody><\/table>[\/et_pb_code][\/et_pb_column][\/et_pb_row][\/et_pb_section]<\/p>\n","protected":false},"excerpt":{"rendered":"<p><div class=\"et_pb_module dsm_breadcrumbs dsm_breadcrumbs_0\">\n\t\t\t\t\n\t\t\t\t\n\t\t\t\t\n\t\t\t\t\n\t\t\t\t\n\t\t\t\t\n\t\t\t\t<div class=\"et_pb_module_inner\">\n\t\t\t\t\t<nav class=\"dsm_breadcrumbs_wrap\">\n\t\t\t\t<ul class=\"dsm_breadcrumbs\" itemscope itemtype=\"https:\/\/schema.org\/BreadcrumbList\">\t\t\t<li class=\"dsm_breadcrumbs_item dsm_home_item dsm_home_item_custom\" itemprop=\"itemListElement\" itemscope\n\t\t\titemtype=\"https:\/\/schema.org\/ListItem\">\n\t\t\t\t<a href=\"https:\/\/fs-sandbox.interweavers.ch\/fr\/\" itemprop=\"item\" target=\"\">\n\t\t\t\t\t<span class='dsm_home_text_wrapper'>\n\t\t\t\t\t\t\t\t\t\t\t\t\t<span class=\"dsm_home_text\" itemprop=\"name\">\n\t\t\t\t\t\t\t\tHome\t\t\t\t\t\t\t<\/span>\n\t\t\t\t\t<\/span>\n\t\t\t\t<\/a>\n\t\t\t\t<meta itemprop=\"position\" content=\"1\" \/>\n\t\t\t<\/li>\n\n\t\t<li class=\"dsm_breadcrumbs_separator\"> <span class=\"et-pb-icon dsm_separator_icon\">&#x39;<\/span><\/li>\nWarning: Attempt to read property \"term_id\" on null in \/home\/httpd\/vhosts\/interweavers.ch\/fs-sandbox.interweavers.ch\/wp-content\/plugins\/supreme-modules-pro-for-divi\/includes\/modules\/Breadcrumbs\/Breadcrumbs.php on line 704\n<\/ul>\n\t\t\t<\/nav>\n\t\t\t\t<\/div>\n\t\t\t<\/div>Archives Frithjof SchuonChapitres et extraits<table id=\"ptp_bca9804ed81650b9_2\" class=\"posts-data-table\" width=\"100%\" data-config=\"{&quot;pageLength&quot;:25,&quot;pagingType&quot;:&quot;simple_numbers&quot;,&quot;serverSide&quot;:false,&quot;autoWidth&quot;:true,&quot;clickFilter&quot;:&quot;&quot;,&quot;stickyHeader&quot;:false,&quot;scrollOffset&quot;:15,&quot;resetButton&quot;:false,&quot;numOrder&quot;:false,&quot;lengthMenu&quot;:[[10,25,50,100,-1],[10,25,50,100,&quot;Tout&quot;]],&quot;columnDefs&quot;:[{&quot;className&quot;:&quot;col-title&quot;,&quot;targets&quot;:0,&quot;type&quot;:&quot;html&quot;},{&quot;className&quot;:&quot;col-excerpt&quot;,&quot;targets&quot;:1,&quot;type&quot;:&quot;html&quot;},{&quot;className&quot;:&quot;col-source&quot;,&quot;targets&quot;:2,&quot;type&quot;:&quot;html&quot;},{&quot;className&quot;:&quot;col-lang&quot;,&quot;targets&quot;:3,&quot;type&quot;:&quot;html&quot;},{&quot;className&quot;:&quot;col-download&quot;,&quot;targets&quot;:4,&quot;type&quot;:&quot;html&quot;}],&quot;responsive&quot;:{&quot;details&quot;:{&quot;display&quot;:&quot;child_row&quot;}},&quot;language&quot;:{&quot;info&quot;:&quot;_TOTAL_ chapters&quot;,&quot;infoEmpty&quot;:&quot;0 chapters&quot;,&quot;emptyTable&quot;:&quot;Aucun chapters correspondant.&quot;,&quot;zeroRecords&quot;:&quot;Aucun chapters correspondant.&quot;,&quot;totalsSingle&quot;:&quot;chapter&quot;,&quot;totalsPlural&quot;:&quot;chapters&quot;},&quot;dom&quot;:&quot;&lt;\\&quot;posts-table-wrapper divi\\&quot;&lt;\\&quot;posts-table-above posts-table-controls\\&quot;f&gt;t&lt;\\&quot;posts-table-below posts-table-controls\\&quot;ip&gt;&gt;&quot;}\" data-filters=\"false\" data-order=\"[]\"><thead><tr><th class=\"all\" data-name=\"title\" data-orderable=\"true\" data-searchable=\"true\" data-priority=\"1\">Titre<\/th><th data-name=\"excerpt\" data-orderable=\"true\" data-searchable=\"true\" data-priority=\"4\">R\u00e9sum\u00e9<\/th><th data-name=\"cf_source\" data-orderable=\"true\" data-searchable=\"true\">Source<\/th><th data-name=\"cf_lang\" data-orderable=\"true\" data-searchable=\"true\">Lang<\/th><th data-name=\"cf_download\" data-orderable=\"true\" data-searchable=\"true\">Download<\/th><\/tr><\/thead><tbody><tr id=\"post-row-14220\" class=\"post-row post-type-chapter chapter-14220 publish\"><td><a href=\"https:\/\/fs-sandbox.interweavers.ch\/fr\/chapter\/to-have-a-center\/\">To Have a Center<\/a><\/td><td><p>\u00catre normal, c&rsquo;est \u00eatre homog\u00e8ne, et \u00eatre homog\u00e8ne, c&rsquo;est avoir un centre. Un homme normal est un homme dont les tendances, si elles ne sont pas tout \u00e0 fait uniformes, sont au moins concordantes, c&rsquo;est-\u00e0-dire suffisamment concordantes pour transmettre ce centre d\u00e9cisif que nous pouvons appeler le sens de l&rsquo;Absolu ou l&rsquo;amour de Dieu. <\/p>\n<\/td><td><p><a href=\"https:\/\/fs-sandbox.interweavers.ch\/book\/to-have-a-center-a-new-translation-with-selected-letters-2\/\">To Have a Center: A New Translation with Selected Letters<\/a><\/p>\n<\/td><td>Anglais<\/td><td><p><a href=\"https:\/\/fs-sandbox.interweavers.ch\/wp-content\/uploads\/2018\/09\/To_Have_a_Center.pdf\" target=\"_blank\" rel=\"noopener\">PDF File<\/a><\/p>\n<\/td><\/tr><tr id=\"post-row-14217\" class=\"post-row post-type-chapter chapter-14217 publish\"><td><a href=\"https:\/\/fs-sandbox.interweavers.ch\/fr\/chapter\/form-und-gehalt-in-den-religionen\/\">Form und Gehalt in den Religionen<\/a><\/td><td><p>Il s&rsquo;agit du deuxi\u00e8me chapitre du livre de Frithjof Schuon intitul\u00e9 \u201eForm und Gehalt in den Religionen\u201c.<br \/> Ce chapitre compare le christianisme et l&rsquo;islam.<\/p>\n<\/td><td><p>Form und Gehalt in den Religionen<\/p>\n<\/td><td><\/td><td><\/td><\/tr><\/tbody><\/table><\/p>\n","protected":false},"author":2,"featured_media":0,"parent":0,"menu_order":0,"comment_status":"closed","ping_status":"closed","template":"","meta":{"_et_pb_use_builder":"on","_et_pb_old_content":"","_et_gb_content_width":"","footnotes":""},"class_list":["post-1676","page","type-page","status-publish","hentry"],"_links":{"self":[{"href":"https:\/\/fs-sandbox.interweavers.ch\/fr\/wp-json\/wp\/v2\/pages\/1676","targetHints":{"allow":["GET"]}}],"collection":[{"href":"https:\/\/fs-sandbox.interweavers.ch\/fr\/wp-json\/wp\/v2\/pages"}],"about":[{"href":"https:\/\/fs-sandbox.interweavers.ch\/fr\/wp-json\/wp\/v2\/types\/page"}],"author":[{"embeddable":true,"href":"https:\/\/fs-sandbox.interweavers.ch\/fr\/wp-json\/wp\/v2\/users\/2"}],"replies":[{"embeddable":true,"href":"https:\/\/fs-sandbox.interweavers.ch\/fr\/wp-json\/wp\/v2\/comments?post=1676"}],"version-history":[{"count":13,"href":"https:\/\/fs-sandbox.interweavers.ch\/fr\/wp-json\/wp\/v2\/pages\/1676\/revisions"}],"predecessor-version":[{"id":14257,"href":"https:\/\/fs-sandbox.interweavers.ch\/fr\/wp-json\/wp\/v2\/pages\/1676\/revisions\/14257"}],"wp:attachment":[{"href":"https:\/\/fs-sandbox.interweavers.ch\/fr\/wp-json\/wp\/v2\/media?parent=1676"}],"curies":[{"name":"wp","href":"https:\/\/api.w.org\/{rel}","templated":true}]}}