{"id":280,"date":"2018-12-06T12:54:53","date_gmt":"2018-12-06T12:54:53","guid":{"rendered":"https:\/\/fs-sandbox.interweavers.ch\/?page_id=280"},"modified":"2019-05-29T13:23:04","modified_gmt":"2019-05-29T13:23:04","slug":"poemes-didactiques","status":"publish","type":"page","link":"https:\/\/fs-sandbox.interweavers.ch\/fr\/poemes-didactiques\/","title":{"rendered":"Po\u00e8mes didactiques"},"content":{"rendered":"<table id=\"ptp_34bdcdf6032c97a5_1\" class=\"posts-data-table\" width=\"100%\" data-config=\"{&quot;pageLength&quot;:25,&quot;pagingType&quot;:&quot;simple_numbers&quot;,&quot;serverSide&quot;:false,&quot;autoWidth&quot;:true,&quot;clickFilter&quot;:&quot;&quot;,&quot;stickyHeader&quot;:false,&quot;scrollOffset&quot;:15,&quot;resetButton&quot;:false,&quot;numOrder&quot;:false,&quot;lengthMenu&quot;:[[10,25,50,100,-1],[10,25,50,100,&quot;Tout&quot;]],&quot;columnDefs&quot;:[{&quot;className&quot;:&quot;col-title&quot;,&quot;targets&quot;:0,&quot;type&quot;:&quot;html&quot;},{&quot;className&quot;:&quot;col-source&quot;,&quot;targets&quot;:1,&quot;type&quot;:&quot;html&quot;},{&quot;className&quot;:&quot;col-excerpt&quot;,&quot;targets&quot;:2,&quot;type&quot;:&quot;html&quot;},{&quot;className&quot;:&quot;col-download&quot;,&quot;targets&quot;:3,&quot;type&quot;:&quot;html&quot;}],&quot;responsive&quot;:{&quot;details&quot;:{&quot;display&quot;:&quot;child_row&quot;}},&quot;language&quot;:{&quot;info&quot;:&quot;_TOTAL_ poems&quot;,&quot;infoEmpty&quot;:&quot;0 poems&quot;,&quot;emptyTable&quot;:&quot;Aucun poems correspondant.&quot;,&quot;zeroRecords&quot;:&quot;Aucun poems correspondant.&quot;,&quot;totalsSingle&quot;:&quot;poem&quot;,&quot;totalsPlural&quot;:&quot;poems&quot;},&quot;dom&quot;:&quot;&lt;\\&quot;posts-table-wrapper divi\\&quot;&lt;\\&quot;posts-table-above posts-table-controls\\&quot;lf&gt;t&lt;\\&quot;posts-table-below posts-table-controls\\&quot;ip&gt;&gt;&quot;}\" data-filters=\"false\" data-order=\"[]\"><thead><tr><th class=\"all\" data-name=\"title\" data-orderable=\"true\" data-searchable=\"true\" data-priority=\"1\">Titre<\/th><th data-name=\"cf_source\" data-orderable=\"true\" data-searchable=\"true\">Source<\/th><th data-name=\"excerpt\" data-orderable=\"true\" data-searchable=\"true\" data-priority=\"4\">R\u00e9sum\u00e9<\/th><th data-name=\"download\" data-orderable=\"true\" data-searchable=\"true\">Download<\/th><\/tr><\/thead><tbody><tr id=\"post-row-255\" class=\"post-row post-type-poem poem-255 publish\"><td><a href=\"https:\/\/fs-sandbox.interweavers.ch\/fr\/poem\/preambule\/\">Pr\u00e9ambule<\/a><\/td><td><p>Adastra<\/p>\n<\/td><td><p>De mon c\u0153ur maints chants se sont \u00e9coul\u00e9s&#8230;<\/p>\n<\/td><td><\/td><\/tr><\/tbody><\/table>\n","protected":false},"excerpt":{"rendered":"","protected":false},"author":2,"featured_media":0,"parent":0,"menu_order":0,"comment_status":"closed","ping_status":"closed","template":"template-inner.php","meta":{"_et_pb_use_builder":"","_et_pb_old_content":"","_et_gb_content_width":"","footnotes":""},"class_list":["post-280","page","type-page","status-publish","hentry"],"_links":{"self":[{"href":"https:\/\/fs-sandbox.interweavers.ch\/fr\/wp-json\/wp\/v2\/pages\/280","targetHints":{"allow":["GET"]}}],"collection":[{"href":"https:\/\/fs-sandbox.interweavers.ch\/fr\/wp-json\/wp\/v2\/pages"}],"about":[{"href":"https:\/\/fs-sandbox.interweavers.ch\/fr\/wp-json\/wp\/v2\/types\/page"}],"author":[{"embeddable":true,"href":"https:\/\/fs-sandbox.interweavers.ch\/fr\/wp-json\/wp\/v2\/users\/2"}],"replies":[{"embeddable":true,"href":"https:\/\/fs-sandbox.interweavers.ch\/fr\/wp-json\/wp\/v2\/comments?post=280"}],"version-history":[{"count":0,"href":"https:\/\/fs-sandbox.interweavers.ch\/fr\/wp-json\/wp\/v2\/pages\/280\/revisions"}],"wp:attachment":[{"href":"https:\/\/fs-sandbox.interweavers.ch\/fr\/wp-json\/wp\/v2\/media?parent=280"}],"curies":[{"name":"wp","href":"https:\/\/api.w.org\/{rel}","templated":true}]}}