{"id":313,"date":"2018-12-06T13:28:02","date_gmt":"2018-12-06T13:28:02","guid":{"rendered":"https:\/\/fs-sandbox.interweavers.ch\/?page_id=313"},"modified":"2022-03-19T11:39:28","modified_gmt":"2022-03-19T11:39:28","slug":"a-propos-du-site","status":"publish","type":"page","link":"https:\/\/fs-sandbox.interweavers.ch\/fr\/a-propos-du-site\/","title":{"rendered":"A propos du site"},"content":{"rendered":"<p>[et_pb_section fb_built=\u00a0\u00bb1&Prime; fullwidth=\u00a0\u00bbon\u00a0\u00bb _builder_version=\u00a0\u00bb4.14.8&Prime; _module_preset=\u00a0\u00bbdefault\u00a0\u00bb border_width_bottom=\u00a0\u00bb11px\u00a0\u00bb border_color_bottom=\u00a0\u00bb#cc6602&Prime; global_module=\u00a0\u00bb13471&Prime; global_colors_info=\u00a0\u00bb{}\u00a0\u00bb][et_pb_fullwidth_image src=\u00a0\u00bbhttps:\/\/fs-sandbox.interweavers.ch\/wp-content\/uploads\/2022\/03\/header_FSA_Inner-Page-dark.jpg\u00a0\u00bb title_text=\u00a0\u00bbiPad-Phone-Header-dark\u00a0\u00bb src_tablet=\u00a0\u00bbhttps:\/\/fs-sandbox.interweavers.ch\/wp-content\/uploads\/2022\/03\/iPad-Phone-Header-dark.jpg\u00a0\u00bb src_phone=\u00a0\u00bbhttps:\/\/fs-sandbox.interweavers.ch\/wp-content\/uploads\/2022\/03\/iPad-Phone-Header-dark.jpg\u00a0\u00bb src_last_edited=\u00a0\u00bbon|tablet\u00a0\u00bb _builder_version=\u00a0\u00bb4.14.9&Prime; _module_preset=\u00a0\u00bbdefault\u00a0\u00bb global_colors_info=\u00a0\u00bb{}\u00a0\u00bb][\/et_pb_fullwidth_image][\/et_pb_section][et_pb_section fb_built=\u00a0\u00bb1&Prime; admin_label=\u00a0\u00bbsection\u00a0\u00bb _builder_version=\u00a0\u00bb4.14.8&Prime; background_image=\u00a0\u00bbhttps:\/\/fs-sandbox.interweavers.ch\/wp-content\/uploads\/2018\/09\/FSA_background.gif\u00a0\u00bb background_size=\u00a0\u00bbinitial\u00a0\u00bb background_repeat=\u00a0\u00bbrepeat\u00a0\u00bb global_colors_info=\u00a0\u00bb{}\u00a0\u00bb][et_pb_row column_structure=\u00a0\u00bb1_2,1_2&Prime; module_class=\u00a0\u00bbbreadcum_background\u00a0\u00bb _builder_version=\u00a0\u00bb4.14.9&Prime; _module_preset=\u00a0\u00bbdefault\u00a0\u00bb background_color=\u00a0\u00bb#c4a651&Prime; background_image=\u00a0\u00bbhttps:\/\/fs-sandbox.interweavers.ch\/wp-content\/uploads\/2022\/03\/gold-background-200.jpg\u00a0\u00bb height=\u00a0\u00bb127px\u00a0\u00bb height_tablet=\u00a0\u00bb100px\u00a0\u00bb height_phone=\u00a0\u00bb50px\u00a0\u00bb height_last_edited=\u00a0\u00bbon|phone\u00a0\u00bb custom_margin=\u00a0\u00bb-180px||0px||false|false\u00a0\u00bb custom_margin_tablet=\u00a0\u00bb-150px||0px||false|false\u00a0\u00bb custom_margin_phone=\u00a0\u00bb-111px||0px||false|false\u00a0\u00bb custom_margin_last_edited=\u00a0\u00bbon|phone\u00a0\u00bb custom_padding=\u00a0\u00bb10px||0px||false|false\u00a0\u00bb global_module=\u00a0\u00bb13474&Prime; saved_tabs=\u00a0\u00bball\u00a0\u00bb global_colors_info=\u00a0\u00bb{}\u00a0\u00bb][et_pb_column type=\u00a0\u00bb1_2&Prime; _builder_version=\u00a0\u00bb4.14.8&Prime; _module_preset=\u00a0\u00bbdefault\u00a0\u00bb custom_padding=\u00a0\u00bb||0px||false|false\u00a0\u00bb global_colors_info=\u00a0\u00bb{}\u00a0\u00bb][lwp_divi_breadcrumbs font_icon=\u00a0\u00bb&#x39;||divi||400&Prime; separator_color=\u00a0\u00bb#000000&Prime; current_text_color=\u00a0\u00bb#000000&Prime; _builder_version=\u00a0\u00bb4.14.9&Prime; _module_preset=\u00a0\u00bbdefault\u00a0\u00bb module_font=\u00a0\u00bb|600||on|||||\u00a0\u00bb module_font_size=\u00a0\u00bb12px\u00a0\u00bb custom_margin=\u00a0\u00bb0px|||20px|false|false\u00a0\u00bb custom_margin_tablet=\u00a0\u00bb0px|||15px|false|false\u00a0\u00bb custom_margin_phone=\u00a0\u00bb\u00a0\u00bb custom_margin_last_edited=\u00a0\u00bbon|tablet\u00a0\u00bb custom_padding=\u00a0\u00bb7px||7px||true|false\u00a0\u00bb custom_padding_tablet=\u00a0\u00bb0px||0px||true|false\u00a0\u00bb custom_padding_phone=\u00a0\u00bb\u00a0\u00bb custom_padding_last_edited=\u00a0\u00bbon|tablet\u00a0\u00bb module_font_size_tablet=\u00a0\u00bb11px\u00a0\u00bb module_font_size_phone=\u00a0\u00bb9px\u00a0\u00bb module_font_size_last_edited=\u00a0\u00bbon|phone\u00a0\u00bb global_colors_info=\u00a0\u00bb{}\u00a0\u00bb][\/lwp_divi_breadcrumbs][\/et_pb_column][et_pb_column type=\u00a0\u00bb1_2&Prime; _builder_version=\u00a0\u00bb4.14.8&Prime; _module_preset=\u00a0\u00bbdefault\u00a0\u00bb global_colors_info=\u00a0\u00bb{}\u00a0\u00bb][et_pb_text _builder_version=\u00a0\u00bb4.14.9&Prime; _module_preset=\u00a0\u00bbdefault\u00a0\u00bb header_font=\u00a0\u00bb|600|||||||\u00a0\u00bb header_text_color=\u00a0\u00bb#FFFFFF\u00a0\u00bb header_font_size=\u00a0\u00bb45px\u00a0\u00bb custom_margin=\u00a0\u00bb-50px||||false|false\u00a0\u00bb custom_margin_tablet=\u00a0\u00bb-91px||||false|false\u00a0\u00bb custom_margin_phone=\u00a0\u00bb-82px||||false|false\u00a0\u00bb custom_margin_last_edited=\u00a0\u00bbon|phone\u00a0\u00bb header_font_size_tablet=\u00a0\u00bb30px\u00a0\u00bb header_font_size_phone=\u00a0\u00bb20px\u00a0\u00bb header_font_size_last_edited=\u00a0\u00bbon|phone\u00a0\u00bb global_colors_info=\u00a0\u00bb{}\u00a0\u00bb]<\/p>\n<h1 style=\"text-align: right;\">Frithjof Schuon Archive<\/h1>\n<p>[\/et_pb_text][et_pb_image src=\u00a0\u00bbhttps:\/\/fs-sandbox.interweavers.ch\/wp-content\/uploads\/2018\/10\/Frithjof_Schuon_signature2.png\u00a0\u00bb title_text=\u00a0\u00bbFrithjof_Schuon_signature2&Prime; show_bottom_space=\u00a0\u00bboff\u00a0\u00bb align=\u00a0\u00bbright\u00a0\u00bb disabled_on=\u00a0\u00bbon|off|off\u00a0\u00bb _builder_version=\u00a0\u00bb4.14.9&Prime; _module_preset=\u00a0\u00bbdefault\u00a0\u00bb width_tablet=\u00a0\u00bb30%\u00a0\u00bb width_phone=\u00a0\u00bb\u00a0\u00bb width_last_edited=\u00a0\u00bbon|phone\u00a0\u00bb custom_margin=\u00a0\u00bb40px|10px|||false|false\u00a0\u00bb global_colors_info=\u00a0\u00bb{}\u00a0\u00bb][\/et_pb_image][\/et_pb_column][\/et_pb_row][et_pb_row admin_label=\u00a0\u00bbrow\u00a0\u00bb _builder_version=\u00a0\u00bb4.14.8&Prime; background_color=\u00a0\u00bb#ffffff\u00a0\u00bb background_size=\u00a0\u00bbinitial\u00a0\u00bb background_position=\u00a0\u00bbtop_left\u00a0\u00bb background_repeat=\u00a0\u00bbrepeat\u00a0\u00bb custom_padding=\u00a0\u00bb50px|70px|50px|70px|false|false\u00a0\u00bb global_colors_info=\u00a0\u00bb{}\u00a0\u00bb][et_pb_column type=\u00a0\u00bb4_4&Prime; _builder_version=\u00a0\u00bb3.25&Prime; custom_padding=\u00a0\u00bb|||\u00a0\u00bb global_colors_info=\u00a0\u00bb{}\u00a0\u00bb custom_padding__hover=\u00a0\u00bb|||\u00a0\u00bb][et_pb_text _builder_version=\u00a0\u00bb4.14.8&Prime; _module_preset=\u00a0\u00bbdefault\u00a0\u00bb custom_margin=\u00a0\u00bb0px||0px||false|false\u00a0\u00bb custom_padding=\u00a0\u00bb0px||10px|0px|false|false\u00a0\u00bb global_colors_info=\u00a0\u00bb{}\u00a0\u00bb]<\/p>\n<h4>A propos du site<\/h4>\n<p>[\/et_pb_text][et_pb_text admin_label=\u00a0\u00bbText\u00a0\u00bb _builder_version=\u00a0\u00bb4.14.8&Prime; background_size=\u00a0\u00bbinitial\u00a0\u00bb background_position=\u00a0\u00bbtop_left\u00a0\u00bb background_repeat=\u00a0\u00bbrepeat\u00a0\u00bb global_colors_info=\u00a0\u00bb{}\u00a0\u00bb]<\/p>\n<p>Les archives Frithjof Schuon constituent le fonds de documentation le plus complet sur la vie et l\u2019\u0153uvre de Schuon, notamment des articles publi\u00e9s, de la correspondance personnelle, des papiers priv\u00e9s, des po\u00e8mes, des photographies et des \u0153uvres d\u2019art. Ce site contient \u00e9galement des informations d\u2019archives relatives \u00e0 \u00abl\u2019\u00e9cole p\u00e9rennaliste\u00bb, dont Schuon \u00e9tait le principal repr\u00e9sentant. Divers r\u00e9sum\u00e9s d\u2019informations et diff\u00e9rentes archives permettent au lecteur de voir la profondeur et l\u2019ampleur de la vie et du corpus de Schuon sous diff\u00e9rents angles.<\/p>\n<p>De plus, aucune traduction n\u2019est suffisante pour transmettre la nuance et la profondeur de la signification dans les langues d\u2019origine. Les esprits raisonnables diff\u00e8rent souvent en ce qui concerne la meilleure traduction, mais il n\u2019est pas possible d\u2019imprimer le m\u00eame document en plusieurs traductions. Cette archive conserve donc plusieurs traductions du m\u00eame document \u00e0 plusieurs reprises, permettant ainsi aux lecteurs de se faire leur propre opinion.<\/p>\n<p>[\/et_pb_text][\/et_pb_column][\/et_pb_row][\/et_pb_section][et_pb_section fb_built=\u00a0\u00bb1&Prime; _builder_version=\u00a0\u00bb4.14.9&Prime; _module_preset=\u00a0\u00bbdefault\u00a0\u00bb background_color=\u00a0\u00bb#dbb957&Prime; background_image=\u00a0\u00bbhttps:\/\/fs-sandbox.interweavers.ch\/wp-content\/uploads\/2022\/03\/bg-footer-op50.gif\u00a0\u00bb custom_margin=\u00a0\u00bb||0px||false|false\u00a0\u00bb custom_padding=\u00a0\u00bb||0px||false|false\u00a0\u00bb custom_css_main_element=\u00a0\u00bbbackground: radial-gradient(ellipse farthest-corner at right bottom, #FEDB37 0%, #FDB931 8%, #9f7928 30%, #8A6E2F 40%, transparent 80%), radial-gradient(ellipse farthest-corner at left top, #FFFFFF 0%, #FFFFAC 8%, #D1B464 25%, #5d4a1f 62.5%, #5d4a1f 100%) !important;\u00a0\u00bb border_width_top=\u00a0\u00bb10px\u00a0\u00bb border_color_top=\u00a0\u00bb#cc6602&Prime; global_module=\u00a0\u00bb13480&Prime; saved_tabs=\u00a0\u00bball\u00a0\u00bb global_colors_info=\u00a0\u00bb{}\u00a0\u00bb][et_pb_row column_structure=\u00a0\u00bb1_3,1_3,1_3&Prime; _builder_version=\u00a0\u00bb4.14.8&Prime; _module_preset=\u00a0\u00bbdefault\u00a0\u00bb global_colors_info=\u00a0\u00bb{}\u00a0\u00bb][et_pb_column type=\u00a0\u00bb1_3&Prime; _builder_version=\u00a0\u00bb4.14.8&Prime; _module_preset=\u00a0\u00bbdefault\u00a0\u00bb global_colors_info=\u00a0\u00bb{}\u00a0\u00bb][et_pb_text _builder_version=\u00a0\u00bb4.14.9&Prime; _module_preset=\u00a0\u00bbdefault\u00a0\u00bb header_4_text_color=\u00a0\u00bb#FFFFFF\u00a0\u00bb background_color=\u00a0\u00bb#000000&Prime; custom_margin=\u00a0\u00bb||0px||false|false\u00a0\u00bb custom_padding=\u00a0\u00bb15px||10px|15px|false|false\u00a0\u00bb global_colors_info=\u00a0\u00bb{}\u00a0\u00bb]<\/p>\n<h4>Livres en vedette<\/h4>\n<p>[\/et_pb_text][et_pb_blog fullwidth=\u00a0\u00bboff\u00a0\u00bb post_type=\u00a0\u00bbbook\u00a0\u00bb posts_number=\u00a0\u00bb1&Prime; show_author=\u00a0\u00bboff\u00a0\u00bb show_date=\u00a0\u00bboff\u00a0\u00bb show_categories=\u00a0\u00bboff\u00a0\u00bb show_excerpt=\u00a0\u00bboff\u00a0\u00bb _builder_version=\u00a0\u00bb4.14.8&Prime; _module_preset=\u00a0\u00bbdefault\u00a0\u00bb background_color=\u00a0\u00bb#FFFFFF\u00a0\u00bb custom_padding=\u00a0\u00bb10px|10px|10px|10px|true|true\u00a0\u00bb global_colors_info=\u00a0\u00bb{}\u00a0\u00bb][\/et_pb_blog][\/et_pb_column][et_pb_column type=\u00a0\u00bb1_3&Prime; _builder_version=\u00a0\u00bb4.14.8&Prime; _module_preset=\u00a0\u00bbdefault\u00a0\u00bb global_colors_info=\u00a0\u00bb{}\u00a0\u00bb][et_pb_text _builder_version=\u00a0\u00bb4.14.9&Prime; _module_preset=\u00a0\u00bbdefault\u00a0\u00bb header_4_text_color=\u00a0\u00bb#FFFFFF\u00a0\u00bb background_color=\u00a0\u00bb#000000&Prime; custom_margin=\u00a0\u00bb||0px||false|false\u00a0\u00bb custom_padding=\u00a0\u00bb15px||10px|15px|false|false\u00a0\u00bb hover_enabled=\u00a0\u00bb0&Prime; global_colors_info=\u00a0\u00bb{}\u00a0\u00bb sticky_enabled=\u00a0\u00bb0&Prime;]<\/p>\n<h4>Po\u00e8mes en vedette<\/h4>\n<p>[\/et_pb_text][et_pb_blog fullwidth=\u00a0\u00bboff\u00a0\u00bb post_type=\u00a0\u00bbpoem\u00a0\u00bb posts_number=\u00a0\u00bb3&Prime; show_thumbnail=\u00a0\u00bboff\u00a0\u00bb show_more=\u00a0\u00bbon\u00a0\u00bb show_author=\u00a0\u00bboff\u00a0\u00bb show_date=\u00a0\u00bboff\u00a0\u00bb show_categories=\u00a0\u00bboff\u00a0\u00bb show_excerpt=\u00a0\u00bboff\u00a0\u00bb _builder_version=\u00a0\u00bb4.14.8&Prime; _module_preset=\u00a0\u00bbdefault\u00a0\u00bb background_color=\u00a0\u00bb#FFFFFF\u00a0\u00bb custom_padding=\u00a0\u00bb10px|10px|10px|10px|true|true\u00a0\u00bb global_colors_info=\u00a0\u00bb{}\u00a0\u00bb][\/et_pb_blog][\/et_pb_column][et_pb_column type=\u00a0\u00bb1_3&Prime; _builder_version=\u00a0\u00bb4.14.8&Prime; _module_preset=\u00a0\u00bbdefault\u00a0\u00bb global_colors_info=\u00a0\u00bb{}\u00a0\u00bb][et_pb_text _builder_version=\u00a0\u00bb4.14.9&Prime; _module_preset=\u00a0\u00bbdefault\u00a0\u00bb header_4_font=\u00a0\u00bb||||||||\u00a0\u00bb header_4_text_color=\u00a0\u00bb#FFFFFF\u00a0\u00bb background_color=\u00a0\u00bb#000000&Prime; custom_margin=\u00a0\u00bb||0px||false|false\u00a0\u00bb custom_padding=\u00a0\u00bb15px||10px|15px|false|false\u00a0\u00bb hover_enabled=\u00a0\u00bb0&Prime; global_colors_info=\u00a0\u00bb{}\u00a0\u00bb sticky_enabled=\u00a0\u00bb0&Prime;]<\/p>\n<h4>Articles en vedette<\/h4>\n<p>[\/et_pb_text][et_pb_blog fullwidth=\u00a0\u00bboff\u00a0\u00bb post_type=\u00a0\u00bbarticles\u00a0\u00bb posts_number=\u00a0\u00bb3&Prime; show_author=\u00a0\u00bboff\u00a0\u00bb show_date=\u00a0\u00bboff\u00a0\u00bb show_categories=\u00a0\u00bboff\u00a0\u00bb show_excerpt=\u00a0\u00bboff\u00a0\u00bb _builder_version=\u00a0\u00bb4.14.8&Prime; _module_preset=\u00a0\u00bbdefault\u00a0\u00bb background_color=\u00a0\u00bb#FFFFFF\u00a0\u00bb custom_padding=\u00a0\u00bb10px|10px|10px|10px|true|true\u00a0\u00bb global_colors_info=\u00a0\u00bb{}\u00a0\u00bb][\/et_pb_blog][\/et_pb_column][\/et_pb_row][et_pb_row _builder_version=\u00a0\u00bb4.14.8&Prime; _module_preset=\u00a0\u00bbdefault\u00a0\u00bb custom_margin=\u00a0\u00bb||0px||false|false\u00a0\u00bb custom_padding=\u00a0\u00bb||0px||false|false\u00a0\u00bb global_colors_info=\u00a0\u00bb{}\u00a0\u00bb][et_pb_column type=\u00a0\u00bb4_4&Prime; _builder_version=\u00a0\u00bb4.14.8&Prime; _module_preset=\u00a0\u00bbdefault\u00a0\u00bb global_colors_info=\u00a0\u00bb{}\u00a0\u00bb][et_pb_menu menu_id=\u00a0\u00bb6&Prime; active_link_color=\u00a0\u00bb#000000&Prime; _builder_version=\u00a0\u00bb4.14.8&Prime; _module_preset=\u00a0\u00bbdefault\u00a0\u00bb menu_font=\u00a0\u00bb|700||on|||||\u00a0\u00bb menu_text_color=\u00a0\u00bb#000000&Prime; background_color=\u00a0\u00bb#cc6602&Prime; background_enable_image=\u00a0\u00bboff\u00a0\u00bb custom_margin=\u00a0\u00bb||0px||false|false\u00a0\u00bb custom_padding=\u00a0\u00bb7px||5px|20px|false|false\u00a0\u00bb global_colors_info=\u00a0\u00bb{}\u00a0\u00bb][\/et_pb_menu][\/et_pb_column][\/et_pb_row][\/et_pb_section]<\/p>\n","protected":false},"excerpt":{"rendered":"<p>[lwp_divi_breadcrumbs font_icon=\u00a0\u00bb&#x39;||divi||400&Prime; separator_color=\u00a0\u00bb#000000&Prime; current_text_color=\u00a0\u00bb#000000&Prime; _builder_version=\u00a0\u00bb4.14.9&Prime; _module_preset=\u00a0\u00bbdefault\u00a0\u00bb module_font=\u00a0\u00bb|600||on|||||\u00a0\u00bb module_font_size=\u00a0\u00bb12px\u00a0\u00bb custom_margin=\u00a0\u00bb0px|||20px|false|false\u00a0\u00bb custom_margin_tablet=\u00a0\u00bb0px|||15px|false|false\u00a0\u00bb custom_margin_phone=\u00a0\u00bb\u00a0\u00bb custom_margin_last_edited=\u00a0\u00bbon|tablet\u00a0\u00bb custom_padding=\u00a0\u00bb7px||7px||true|false\u00a0\u00bb custom_padding_tablet=\u00a0\u00bb0px||0px||true|false\u00a0\u00bb custom_padding_phone=\u00a0\u00bb\u00a0\u00bb custom_padding_last_edited=\u00a0\u00bbon|tablet\u00a0\u00bb module_font_size_tablet=\u00a0\u00bb11px\u00a0\u00bb module_font_size_phone=\u00a0\u00bb9px\u00a0\u00bb module_font_size_last_edited=\u00a0\u00bbon|phone\u00a0\u00bb global_colors_info=\u00a0\u00bb{}\u00a0\u00bb][\/lwp_divi_breadcrumbs]Frithjof Schuon ArchiveA propos du siteLes archives Frithjof Schuon constituent le fonds de documentation le plus complet sur la vie et l\u2019\u0153uvre de Schuon, notamment des articles publi\u00e9s, de la correspondance personnelle, des papiers priv\u00e9s, des po\u00e8mes, des photographies et des \u0153uvres d\u2019art. Ce site contient \u00e9galement des informations d\u2019archives relatives \u00e0 \u00abl\u2019\u00e9cole p\u00e9rennaliste\u00bb, dont Schuon \u00e9tait le principal repr\u00e9sentant. Divers r\u00e9sum\u00e9s d\u2019informations et diff\u00e9rentes archives permettent au lecteur de voir la profondeur et l\u2019ampleur de la vie et du corpus de Schuon sous diff\u00e9rents angles. De plus, aucune traduction n\u2019est suffisante pour transmettre la nuance et la profondeur de la signification dans les langues d\u2019origine. Les esprits raisonnables diff\u00e8rent souvent en ce qui concerne la meilleure traduction, mais il n\u2019est pas possible d\u2019imprimer le m\u00eame document en plusieurs traductions. Cette archive conserve donc plusieurs traductions du m\u00eame document \u00e0 plusieurs reprises, permettant ainsi aux lecteurs de se faire leur propre opinion.Livres en vedettePo\u00e8mes en vedetteArticles en vedette<\/p>\n","protected":false},"author":2,"featured_media":0,"parent":0,"menu_order":0,"comment_status":"closed","ping_status":"closed","template":"","meta":{"_et_pb_use_builder":"on","_et_pb_old_content":"","_et_gb_content_width":"","footnotes":""},"class_list":["post-313","page","type-page","status-publish","hentry"],"_links":{"self":[{"href":"https:\/\/fs-sandbox.interweavers.ch\/fr\/wp-json\/wp\/v2\/pages\/313","targetHints":{"allow":["GET"]}}],"collection":[{"href":"https:\/\/fs-sandbox.interweavers.ch\/fr\/wp-json\/wp\/v2\/pages"}],"about":[{"href":"https:\/\/fs-sandbox.interweavers.ch\/fr\/wp-json\/wp\/v2\/types\/page"}],"author":[{"embeddable":true,"href":"https:\/\/fs-sandbox.interweavers.ch\/fr\/wp-json\/wp\/v2\/users\/2"}],"replies":[{"embeddable":true,"href":"https:\/\/fs-sandbox.interweavers.ch\/fr\/wp-json\/wp\/v2\/comments?post=313"}],"version-history":[{"count":0,"href":"https:\/\/fs-sandbox.interweavers.ch\/fr\/wp-json\/wp\/v2\/pages\/313\/revisions"}],"wp:attachment":[{"href":"https:\/\/fs-sandbox.interweavers.ch\/fr\/wp-json\/wp\/v2\/media?parent=313"}],"curies":[{"name":"wp","href":"https:\/\/api.w.org\/{rel}","templated":true}]}}