{"id":57,"date":"2018-10-02T14:44:09","date_gmt":"2018-10-02T14:44:09","guid":{"rendered":"https:\/\/fs-sandbox.interweavers.ch\/?page_id=57"},"modified":"2025-12-11T13:21:09","modified_gmt":"2025-12-11T13:21:09","slug":"archives-frithjof-schuon","status":"publish","type":"page","link":"https:\/\/fs-sandbox.interweavers.ch\/fr\/","title":{"rendered":"Archives Frithjof Schuon"},"content":{"rendered":"<p>[et_pb_section fb_built=\u00a0\u00bb1&Prime; fullwidth=\u00a0\u00bbon\u00a0\u00bb _builder_version=\u00a0\u00bb4.27.5&Prime; _module_preset=\u00a0\u00bbdefault\u00a0\u00bb height_tablet=\u00a0\u00bb\u00a0\u00bb height_phone=\u00a0\u00bb200px\u00a0\u00bb height_last_edited=\u00a0\u00bbon|tablet\u00a0\u00bb hover_enabled=\u00a0\u00bb0&Prime; border_width_bottom=\u00a0\u00bb11px\u00a0\u00bb border_color_bottom=\u00a0\u00bb#cc6602&Prime; global_colors_info=\u00a0\u00bb{}\u00a0\u00bb sticky_enabled=\u00a0\u00bb0&Prime; min_height=\u00a0\u00bb350px\u00a0\u00bb min_height_last_edited=\u00a0\u00bbon|phone\u00a0\u00bb min_height_tablet=\u00a0\u00bb350px\u00a0\u00bb min_height_phone=\u00a0\u00bb350px\u00a0\u00bb][et_pb_fullwidth_image src=\u00a0\u00bbhttps:\/\/fs-sandbox.interweavers.ch\/wp-content\/uploads\/2022\/03\/header_FSA-dark-1.jpg\u00a0\u00bb title_text=\u00a0\u00bbheader_FSA-dark\u00a0\u00bb _builder_version=\u00a0\u00bb4.16&Prime; _module_preset=\u00a0\u00bbdefault\u00a0\u00bb min_height_tablet=\u00a0\u00bbauto\u00a0\u00bb min_height_phone=\u00a0\u00bbauto\u00a0\u00bb min_height_last_edited=\u00a0\u00bbon|phone\u00a0\u00bb global_colors_info=\u00a0\u00bb{}\u00a0\u00bb][\/et_pb_fullwidth_image][\/et_pb_section][et_pb_section fb_built=\u00a0\u00bb1&Prime; admin_label=\u00a0\u00bbsection\u00a0\u00bb _builder_version=\u00a0\u00bb4.16&Prime; background_image=\u00a0\u00bbhttps:\/\/fs-sandbox.interweavers.ch\/wp-content\/uploads\/2018\/09\/FSA_background.gif\u00a0\u00bb background_size=\u00a0\u00bbinitial\u00a0\u00bb background_repeat=\u00a0\u00bbrepeat\u00a0\u00bb global_colors_info=\u00a0\u00bb{}\u00a0\u00bb][et_pb_row column_structure=\u00a0\u00bb1_2,1_2&Prime; module_class=\u00a0\u00bbbreadcum_background\u00a0\u00bb _builder_version=\u00a0\u00bb4.16&Prime; _module_preset=\u00a0\u00bbdefault\u00a0\u00bb background_color=\u00a0\u00bb#c4a651&Prime; background_image=\u00a0\u00bbhttps:\/\/fs-sandbox.interweavers.ch\/wp-content\/uploads\/2022\/03\/gold-background-200.jpg\u00a0\u00bb height=\u00a0\u00bb127px\u00a0\u00bb height_tablet=\u00a0\u00bb100px\u00a0\u00bb height_phone=\u00a0\u00bb50px\u00a0\u00bb height_last_edited=\u00a0\u00bbon|phone\u00a0\u00bb custom_margin=\u00a0\u00bb-180px||0px||false|false\u00a0\u00bb custom_margin_tablet=\u00a0\u00bb-150px||0px||false|false\u00a0\u00bb custom_margin_phone=\u00a0\u00bb-111px||0px||false|false\u00a0\u00bb custom_margin_last_edited=\u00a0\u00bbon|phone\u00a0\u00bb custom_padding=\u00a0\u00bb10px||0px||false|false\u00a0\u00bb saved_tabs=\u00a0\u00bball\u00a0\u00bb global_colors_info=\u00a0\u00bb{}\u00a0\u00bb][et_pb_column type=\u00a0\u00bb1_2&Prime; _builder_version=\u00a0\u00bb4.16&Prime; _module_preset=\u00a0\u00bbdefault\u00a0\u00bb custom_padding=\u00a0\u00bb||0px||false|false\u00a0\u00bb global_colors_info=\u00a0\u00bb{}\u00a0\u00bb][\/et_pb_column][et_pb_column type=\u00a0\u00bb1_2&Prime; _builder_version=\u00a0\u00bb4.16&Prime; _module_preset=\u00a0\u00bbdefault\u00a0\u00bb global_colors_info=\u00a0\u00bb{}\u00a0\u00bb][et_pb_text _builder_version=\u00a0\u00bb4.27.4&Prime; _module_preset=\u00a0\u00bbdefault\u00a0\u00bb header_font=\u00a0\u00bb|600|||||||\u00a0\u00bb header_text_color=\u00a0\u00bb#FFFFFF\u00a0\u00bb header_font_size=\u00a0\u00bb43px\u00a0\u00bb custom_margin=\u00a0\u00bb-50px||||false|false\u00a0\u00bb custom_margin_tablet=\u00a0\u00bb-91px||||false|false\u00a0\u00bb custom_margin_phone=\u00a0\u00bb-60px||||false|false\u00a0\u00bb custom_margin_last_edited=\u00a0\u00bbon|phone\u00a0\u00bb header_font_size_tablet=\u00a0\u00bb30px\u00a0\u00bb header_font_size_phone=\u00a0\u00bb20px\u00a0\u00bb header_font_size_last_edited=\u00a0\u00bbon|phone\u00a0\u00bb global_colors_info=\u00a0\u00bb{}\u00a0\u00bb]<\/p>\n<h1 style=\"text-align: right;\">Archives Frithjof Schuon<\/h1>\n<p>[\/et_pb_text][et_pb_image src=\u00a0\u00bbhttps:\/\/fs-sandbox.interweavers.ch\/wp-content\/uploads\/2018\/10\/Frithjof_Schuon_signature2.png\u00a0\u00bb title_text=\u00a0\u00bbFrithjof_Schuon_signature2&Prime; show_bottom_space=\u00a0\u00bboff\u00a0\u00bb align=\u00a0\u00bbright\u00a0\u00bb disabled_on=\u00a0\u00bbon|off|off\u00a0\u00bb _builder_version=\u00a0\u00bb4.16&Prime; _module_preset=\u00a0\u00bbdefault\u00a0\u00bb width_tablet=\u00a0\u00bb30%\u00a0\u00bb width_phone=\u00a0\u00bb\u00a0\u00bb width_last_edited=\u00a0\u00bbon|phone\u00a0\u00bb custom_margin=\u00a0\u00bb40px|10px|||false|false\u00a0\u00bb global_colors_info=\u00a0\u00bb{}\u00a0\u00bb][\/et_pb_image][\/et_pb_column][\/et_pb_row][et_pb_row admin_label=\u00a0\u00bbrow\u00a0\u00bb _builder_version=\u00a0\u00bb4.27.5&Prime; background_color=\u00a0\u00bb#ffffff\u00a0\u00bb background_size=\u00a0\u00bbinitial\u00a0\u00bb background_position=\u00a0\u00bbtop_left\u00a0\u00bb background_repeat=\u00a0\u00bbrepeat\u00a0\u00bb custom_padding=\u00a0\u00bb50px|70px|50px|70px|false|false\u00a0\u00bb hover_enabled=\u00a0\u00bb0&Prime; global_colors_info=\u00a0\u00bb{}\u00a0\u00bb custom_padding_last_edited=\u00a0\u00bbon|phone\u00a0\u00bb sticky_enabled=\u00a0\u00bb0&Prime; custom_padding_tablet=\u00a0\u00bb|30px||30px|false|true\u00a0\u00bb custom_padding_phone=\u00a0\u00bb|5px||5px|false|true\u00a0\u00bb][et_pb_column type=\u00a0\u00bb4_4&Prime; _builder_version=\u00a0\u00bb4.16&Prime; custom_padding=\u00a0\u00bb|||\u00a0\u00bb global_colors_info=\u00a0\u00bb{}\u00a0\u00bb custom_padding__hover=\u00a0\u00bb|||\u00a0\u00bb][et_pb_text _builder_version=\u00a0\u00bb4.27.4&Prime; _module_preset=\u00a0\u00bbdefault\u00a0\u00bb custom_margin=\u00a0\u00bb0px||0px||false|false\u00a0\u00bb custom_padding=\u00a0\u00bb0px||10px|0px|false|false\u00a0\u00bb global_colors_info=\u00a0\u00bb{}\u00a0\u00bb]<\/p>\n<h4>Fonds documentaire sur la vie et l\u2019enseignement de Frithjof Schuon<\/h4>\n<p>[\/et_pb_text][et_pb_text admin_label=\u00a0\u00bbText\u00a0\u00bb _builder_version=\u00a0\u00bb4.27.4&Prime; background_size=\u00a0\u00bbinitial\u00a0\u00bb background_position=\u00a0\u00bbtop_left\u00a0\u00bb background_repeat=\u00a0\u00bbrepeat\u00a0\u00bb global_colors_info=\u00a0\u00bb{}\u00a0\u00bb]<\/p>\n<p>Ce site est le fonds le plus complet d\u2019informations sur la vie et l\u2019\u0153uvre de Frithjof Schuon (1907-1998); les documents pr\u00e9sent\u00e9s comprennent des articles publi\u00e9s, des lettres, des textes in\u00e9dits, des po\u00e9sies, des photographies et des reproductions de peintures.<\/p>\n<p>Frithjof Schuon est l\u2019\u00e9minent porte-parole d\u2019une \u00e9cole de pens\u00e9e centr\u00e9e sur l\u2019expression et l\u2019interpr\u00e9tation de la Philosophie p\u00e9renne. La philosophie p\u00e9renne constitue une approche fondamentale dans l\u2019\u00e9tude des religions compar\u00e9es, de l\u2019anthropologie, de l\u2019art, de la litt\u00e9rature ainsi que dans l\u2019\u00e9tude de nombreuses sph\u00e8res connexes. v\u00e9rit\u00e9 immuable et universelle, dont l\u2019expression philosophique peut \u00eatre dite \u00ab p\u00e9rennialiste \u00bb. La philosophie p\u00e9renne constitue une approche fondamentale dans l\u2019\u00e9tude des religions compar\u00e9es, de l\u2019anthropologie, de l\u2019art, de la litt\u00e9rature ainsi que dans l\u2019\u00e9tude de nombreuses sph\u00e8res connexes.   <\/p>\n<p>Philosophe au sens r\u00e9el du terme, \u2014 dans la lign\u00e9e des Platon, Shankara, Eckhart \u2014 , Frithjof Schuon est l\u2019auteur de plus d\u2019une vingtaine de livres traitant du ph\u00e9nom\u00e8ne religieux, de la m\u00e9taphysique, de l\u2019art sacr\u00e9 et de la voie spirituelle. Analysant son premier ouvrage, <i>De l\u2019unit\u00e9 transcendante des religions,<\/i> le Prix Nobel T.S. Eliot souligne: \u00ab Je n\u2019ai jamais rencontr\u00e9 une \u0153uvre plus impressionnante dans l\u2019\u00e9tude comparative des religions d\u2019Orient et d\u2019Occident \u00bb, et l\u2019\u00e9rudit des religions de renomm\u00e9e mondiale Huston Smith: \u00ab Cet homme est un prodige; dans le domaine religieux, il est, intellectuellement, tant en ampleur qu\u2019en profondeur, le parangon de notre \u00e9poque \u00bb. Les livres de Schuon ont \u00e9t\u00e9 traduits dans plus d\u2019une douzaine de langues et servent de r\u00e9f\u00e9rence tant dans le monde acad\u00e9mique que parmi les autorit\u00e9s spirituelles. Ses \u00e9crits restent in\u00e9gal\u00e9s quant \u00e0 l\u2019\u00e9nonc\u00e9 des principes de la pens\u00e9e perennialiste, et quant \u00e0 leurs applications concr\u00e8tes: spirituelles, humaines, esth\u00e9tiques ou autres.   <\/p>\n<p>Frithjof Schuon fut \u00e9galement un artiste et un po\u00e8te de talent. Son art et sa po\u00e9sie ont tout naturellement puis\u00e9 leur langage dans la Cr\u00e9ation, qu\u2019il percevait comme un reflet du Divin. Le commentaire qui suit est tir\u00e9 du catalogue d\u2019un mus\u00e9e qui exposa ses tableaux: \u00ab jaillissant de sa personnalit\u00e9 exceptionnelle, les peintures de Schuon\u2026ont une valeur unique, non seulement sur le plan artistique mais avant tout pour leur facult\u00e9 de r\u00e9v\u00e9ler l\u2019\u00e2me humaine dans ce qu\u2019elle a de plus noble et de plus beau \u2013 et par l\u00e0 m\u00eame comme v\u00e9hicule de la V\u00e9rit\u00e9 \u00bb. Ses cr\u00e9ations artistiques, sa po\u00e9sie, ses \u00e9crits philosophiques, toute son \u0153uvre respire le sens du sacr\u00e9.   <\/p>\n<p>Pr\u00e9sent\u00e9e dans ces pages, l\u2019histoire de sa vie et de son \u0153uvre m\u00e9taphysique, spirituelle et artistique t\u00e9moignent de sa stature exceptionnelle.<\/p>\n<p>Ce fonds documentaire en ligne rassemble, sous les multiples facettes de sa personnalit\u00e9, les contributions essentielles de Frithjof Schuon \u00e0 l\u2019expression de la V\u00e9rit\u00e9 \u00e9ternelle.<\/p>\n<p>[\/et_pb_text][\/et_pb_column][\/et_pb_row][\/et_pb_section][et_pb_section fb_built=\u00a0\u00bb1&Prime; admin_label=\u00a0\u00bbFooter with Posts EN\u00a0\u00bb _builder_version=\u00a0\u00bb4.27.4&Prime; _module_preset=\u00a0\u00bbdefault\u00a0\u00bb background_color=\u00a0\u00bb#030303&Prime; background_enable_image=\u00a0\u00bboff\u00a0\u00bb custom_margin=\u00a0\u00bb||0px||false|false\u00a0\u00bb custom_padding=\u00a0\u00bb||0px||false|false\u00a0\u00bb border_width_top=\u00a0\u00bb10px\u00a0\u00bb border_color_top=\u00a0\u00bb#cc6602&Prime; global_module=\u00a0\u00bb12822&Prime; saved_tabs=\u00a0\u00bball\u00a0\u00bb global_colors_info=\u00a0\u00bb{}\u00a0\u00bb][et_pb_row column_structure=\u00a0\u00bb1_3,1_3,1_3&Prime; _builder_version=\u00a0\u00bb4.27.4&Prime; _module_preset=\u00a0\u00bbdefault\u00a0\u00bb global_colors_info=\u00a0\u00bb{}\u00a0\u00bb][et_pb_column type=\u00a0\u00bb1_3&Prime; _builder_version=\u00a0\u00bb4.27.4&Prime; _module_preset=\u00a0\u00bbdefault\u00a0\u00bb global_colors_info=\u00a0\u00bb{}\u00a0\u00bb][et_pb_text _builder_version=\u00a0\u00bb4.27.4&Prime; _module_preset=\u00a0\u00bbdefault\u00a0\u00bb header_4_text_color=\u00a0\u00bb#000000&Prime; background_color=\u00a0\u00bb#dbb957&Prime; background_image=\u00a0\u00bbhttps:\/\/fs-sandbox.interweavers.ch\/wp-content\/uploads\/2022\/03\/gold-background-200.jpg\u00a0\u00bb custom_margin=\u00a0\u00bb||0px||false|false\u00a0\u00bb custom_padding=\u00a0\u00bb20px||15px|15px|false|false\u00a0\u00bb global_colors_info=\u00a0\u00bb{}\u00a0\u00bb]<\/p>\n<h4>Livres en vedette<\/h4>\n<p>[\/et_pb_text][et_pb_blog fullwidth=\u00a0\u00bboff\u00a0\u00bb post_type=\u00a0\u00bbbook\u00a0\u00bb posts_number=\u00a0\u00bb1&Prime; show_author=\u00a0\u00bboff\u00a0\u00bb show_date=\u00a0\u00bboff\u00a0\u00bb show_categories=\u00a0\u00bboff\u00a0\u00bb show_excerpt=\u00a0\u00bboff\u00a0\u00bb _builder_version=\u00a0\u00bb4.16&Prime; _module_preset=\u00a0\u00bbdefault\u00a0\u00bb background_color=\u00a0\u00bb#FFFFFF\u00a0\u00bb custom_padding=\u00a0\u00bb10px|10px|10px|10px|true|true\u00a0\u00bb global_colors_info=\u00a0\u00bb{}\u00a0\u00bb][\/et_pb_blog][\/et_pb_column][et_pb_column type=\u00a0\u00bb1_3&Prime; _builder_version=\u00a0\u00bb4.27.4&Prime; _module_preset=\u00a0\u00bbdefault\u00a0\u00bb global_colors_info=\u00a0\u00bb{}\u00a0\u00bb][et_pb_text _builder_version=\u00a0\u00bb4.16&Prime; _module_preset=\u00a0\u00bbdefault\u00a0\u00bb header_4_text_color=\u00a0\u00bb#000000&Prime; background_color=\u00a0\u00bb#dbb957&Prime; background_image=\u00a0\u00bbhttps:\/\/fs-sandbox.interweavers.ch\/wp-content\/uploads\/2022\/03\/gold-background-200.jpg\u00a0\u00bb custom_margin=\u00a0\u00bb||0px||false|false\u00a0\u00bb custom_padding=\u00a0\u00bb20px||15px|15px|false|false\u00a0\u00bb global_colors_info=\u00a0\u00bb{}\u00a0\u00bb]<\/p>\n<h4>Po\u00e8mes en vedette<\/h4>\n<p>[\/et_pb_text][et_pb_blog fullwidth=\u00a0\u00bboff\u00a0\u00bb post_type=\u00a0\u00bbpoem\u00a0\u00bb posts_number=\u00a0\u00bb3&Prime; show_thumbnail=\u00a0\u00bboff\u00a0\u00bb show_more=\u00a0\u00bbon\u00a0\u00bb show_author=\u00a0\u00bboff\u00a0\u00bb show_date=\u00a0\u00bboff\u00a0\u00bb show_categories=\u00a0\u00bboff\u00a0\u00bb show_excerpt=\u00a0\u00bboff\u00a0\u00bb _builder_version=\u00a0\u00bb4.16&Prime; _module_preset=\u00a0\u00bbdefault\u00a0\u00bb background_color=\u00a0\u00bb#FFFFFF\u00a0\u00bb custom_padding=\u00a0\u00bb10px|10px|10px|10px|true|true\u00a0\u00bb global_colors_info=\u00a0\u00bb{}\u00a0\u00bb][\/et_pb_blog][\/et_pb_column][et_pb_column type=\u00a0\u00bb1_3&Prime; _builder_version=\u00a0\u00bb4.27.4&Prime; _module_preset=\u00a0\u00bbdefault\u00a0\u00bb global_colors_info=\u00a0\u00bb{}\u00a0\u00bb][et_pb_text _builder_version=\u00a0\u00bb4.27.4&Prime; _module_preset=\u00a0\u00bbdefault\u00a0\u00bb header_4_text_color=\u00a0\u00bb#000000&Prime; background_color=\u00a0\u00bb#dbb957&Prime; background_image=\u00a0\u00bbhttps:\/\/fs-sandbox.interweavers.ch\/wp-content\/uploads\/2022\/03\/gold-background-200.jpg\u00a0\u00bb custom_margin=\u00a0\u00bb||0px||false|false\u00a0\u00bb custom_padding=\u00a0\u00bb20px||15px|15px|false|false\u00a0\u00bb global_colors_info=\u00a0\u00bb{}\u00a0\u00bb]<\/p>\n<h4>Articles en vedette<\/h4>\n<p>[\/et_pb_text][et_pb_blog fullwidth=\u00a0\u00bboff\u00a0\u00bb post_type=\u00a0\u00bbarticles\u00a0\u00bb posts_number=\u00a0\u00bb3&Prime; show_thumbnail=\u00a0\u00bboff\u00a0\u00bb show_more=\u00a0\u00bbon\u00a0\u00bb show_author=\u00a0\u00bboff\u00a0\u00bb show_date=\u00a0\u00bboff\u00a0\u00bb show_categories=\u00a0\u00bboff\u00a0\u00bb show_excerpt=\u00a0\u00bboff\u00a0\u00bb _builder_version=\u00a0\u00bb4.27.4&Prime; _module_preset=\u00a0\u00bbdefault\u00a0\u00bb background_color=\u00a0\u00bb#FFFFFF\u00a0\u00bb custom_padding=\u00a0\u00bb10px|10px|10px|10px|true|true\u00a0\u00bb global_colors_info=\u00a0\u00bb{}\u00a0\u00bb][\/et_pb_blog][\/et_pb_column][\/et_pb_row][\/et_pb_section]<\/p>\n","protected":false},"excerpt":{"rendered":"<p>Archives Frithjof SchuonFonds documentaire sur la vie et l\u2019enseignement de Frithjof SchuonCe site est le fonds le plus complet d\u2019informations sur la vie et l\u2019\u0153uvre de Frithjof Schuon (1907-1998); les documents pr\u00e9sent\u00e9s comprennent des articles publi\u00e9s, des lettres, des textes in\u00e9dits, des po\u00e9sies, des photographies et des reproductions de peintures. Frithjof Schuon est l\u2019\u00e9minent porte-parole d\u2019une \u00e9cole de pens\u00e9e centr\u00e9e sur l\u2019expression et l\u2019interpr\u00e9tation de la Philosophie p\u00e9renne. La philosophie p\u00e9renne constitue une approche fondamentale dans l\u2019\u00e9tude des religions compar\u00e9es, de l\u2019anthropologie, de l\u2019art, de la litt\u00e9rature ainsi que dans l\u2019\u00e9tude de nombreuses sph\u00e8res connexes. v\u00e9rit\u00e9 immuable et universelle, dont l\u2019expression philosophique peut \u00eatre dite \u00ab p\u00e9rennialiste \u00bb. La philosophie p\u00e9renne constitue une approche fondamentale dans l\u2019\u00e9tude des religions compar\u00e9es, de l\u2019anthropologie, de l\u2019art, de la litt\u00e9rature ainsi que dans l\u2019\u00e9tude de nombreuses sph\u00e8res connexes. Philosophe au sens r\u00e9el du terme, \u2014 dans la lign\u00e9e des Platon, Shankara, Eckhart \u2014 , Frithjof Schuon est l\u2019auteur de plus d\u2019une vingtaine de livres traitant du ph\u00e9nom\u00e8ne religieux, de la m\u00e9taphysique, de l\u2019art sacr\u00e9 et de la voie spirituelle. Analysant son premier ouvrage, De l\u2019unit\u00e9 transcendante des religions, le Prix Nobel T.S. Eliot souligne: \u00ab Je n\u2019ai jamais rencontr\u00e9 une \u0153uvre plus impressionnante [&hellip;]<\/p>\n","protected":false},"author":3,"featured_media":0,"parent":0,"menu_order":0,"comment_status":"closed","ping_status":"closed","template":"","meta":{"_et_pb_use_builder":"on","_et_pb_old_content":"","_et_gb_content_width":"","footnotes":""},"class_list":["post-57","page","type-page","status-publish","hentry"],"_links":{"self":[{"href":"https:\/\/fs-sandbox.interweavers.ch\/fr\/wp-json\/wp\/v2\/pages\/57","targetHints":{"allow":["GET"]}}],"collection":[{"href":"https:\/\/fs-sandbox.interweavers.ch\/fr\/wp-json\/wp\/v2\/pages"}],"about":[{"href":"https:\/\/fs-sandbox.interweavers.ch\/fr\/wp-json\/wp\/v2\/types\/page"}],"author":[{"embeddable":true,"href":"https:\/\/fs-sandbox.interweavers.ch\/fr\/wp-json\/wp\/v2\/users\/3"}],"replies":[{"embeddable":true,"href":"https:\/\/fs-sandbox.interweavers.ch\/fr\/wp-json\/wp\/v2\/comments?post=57"}],"version-history":[{"count":6,"href":"https:\/\/fs-sandbox.interweavers.ch\/fr\/wp-json\/wp\/v2\/pages\/57\/revisions"}],"predecessor-version":[{"id":14178,"href":"https:\/\/fs-sandbox.interweavers.ch\/fr\/wp-json\/wp\/v2\/pages\/57\/revisions\/14178"}],"wp:attachment":[{"href":"https:\/\/fs-sandbox.interweavers.ch\/fr\/wp-json\/wp\/v2\/media?parent=57"}],"curies":[{"name":"wp","href":"https:\/\/api.w.org\/{rel}","templated":true}]}}